{"id":1378,"date":"2017-07-11T04:57:39","date_gmt":"2017-07-11T02:57:39","guid":{"rendered":"https:\/\/lafermedejeanmetge.fr\/?page_id=1378"},"modified":"2025-04-17T10:30:19","modified_gmt":"2025-04-17T08:30:19","slug":"home","status":"publish","type":"page","link":"https:\/\/lafermedejeanmetge.fr\/","title":{"rendered":"Accueil"},"content":{"rendered":"\t\t<div data-elementor-type=\"wp-post\" data-elementor-id=\"1378\" class=\"elementor elementor-1378\">\n\t\t\t\t\t\t<section class=\"elementor-section elementor-top-section elementor-element elementor-element-35ca4c9 elementor-section-height-full elementor-section-boxed elementor-section-height-default elementor-section-items-middle\" data-id=\"35ca4c9\" data-element_type=\"section\" data-e-type=\"section\" data-settings=\"{&quot;background_background&quot;:&quot;slideshow&quot;,&quot;background_slideshow_gallery&quot;:[{&quot;id&quot;:2391,&quot;url&quot;:&quot;https:\\\/\\\/lafermedejeanmetge.fr\\\/wp-content\\\/uploads\\\/2025\\\/04\\\/fond-1-scaled.webp&quot;},{&quot;id&quot;:1616,&quot;url&quot;:&quot;https:\\\/\\\/lafermedejeanmetge.fr\\\/wp-content\\\/uploads\\\/2023\\\/03\\\/DSC_0004-scaled.jpg&quot;}],&quot;background_slideshow_transition_duration&quot;:&quot;3000&quot;,&quot;background_slideshow_ken_burns&quot;:&quot;yes&quot;,&quot;background_slideshow_loop&quot;:&quot;yes&quot;,&quot;background_slideshow_slide_duration&quot;:5000,&quot;background_slideshow_slide_transition&quot;:&quot;fade&quot;,&quot;background_slideshow_ken_burns_zoom_direction&quot;:&quot;in&quot;}\">\n\t\t\t\t\t\t\t<div class=\"elementor-background-overlay\"><\/div>\n\t\t\t\t\t\t\t<div class=\"elementor-container elementor-column-gap-no\">\n\t\t\t\t\t<div class=\"elementor-column elementor-col-100 elementor-top-column elementor-element elementor-element-c9d7474\" data-id=\"c9d7474\" data-element_type=\"column\" data-e-type=\"column\">\n\t\t\t<div class=\"elementor-widget-wrap elementor-element-populated\">\n\t\t\t\t\t\t<div class=\"elementor-element elementor-element-25baadb elementor-widget elementor-widget-heading\" data-id=\"25baadb\" data-element_type=\"widget\" data-e-type=\"widget\" data-widget_type=\"heading.default\">\n\t\t\t\t<div class=\"elementor-widget-container\">\n\t\t\t\t\t<h5 class=\"elementor-heading-title elementor-size-default\">Cancon (47)<\/h5>\t\t\t\t<\/div>\n\t\t\t\t<\/div>\n\t\t\t\t<div class=\"elementor-element elementor-element-b4e642b elementor-widget elementor-widget-heading\" data-id=\"b4e642b\" data-element_type=\"widget\" data-e-type=\"widget\" data-widget_type=\"heading.default\">\n\t\t\t\t<div class=\"elementor-widget-container\">\n\t\t\t\t\t<h1 class=\"elementor-heading-title elementor-size-default\">La Ferme de Jeanmetge<\/h1>\t\t\t\t<\/div>\n\t\t\t\t<\/div>\n\t\t\t\t<div class=\"elementor-element elementor-element-4ab309b elementor-widget elementor-widget-text-editor\" data-id=\"4ab309b\" data-element_type=\"widget\" data-e-type=\"widget\" data-widget_type=\"text-editor.default\">\n\t\t\t\t<div class=\"elementor-widget-container\">\n\t\t\t\t\t\t\t\t\t<p><strong><em>\u00ab\u00a0La Nature offre \u00e0 la fois ce qui nourrit le corps et le gu\u00e9rit, \u00e9merveille l\u2019\u00e2me, le c\u0153ur et l\u2019esprit.\u00a0\u00bb<\/em><br \/>Pierre Rabhi<\/strong><\/p>\t\t\t\t\t\t\t\t<\/div>\n\t\t\t\t<\/div>\n\t\t\t\t<div class=\"elementor-element elementor-element-a7b5511 elementor-align-center elementor-widget elementor-widget-button\" data-id=\"a7b5511\" data-element_type=\"widget\" data-e-type=\"widget\" data-widget_type=\"button.default\">\n\t\t\t\t<div class=\"elementor-widget-container\">\n\t\t\t\t\t\t\t\t\t<div class=\"elementor-button-wrapper\">\n\t\t\t\t\t<a class=\"elementor-button elementor-button-link elementor-size-sm\" href=\"https:\/\/lafermedejeanmetge.fr\/?post_type=product\">\n\t\t\t\t\t\t<span class=\"elementor-button-content-wrapper\">\n\t\t\t\t\t\t<span class=\"elementor-button-icon\">\n\t\t\t\t<i aria-hidden=\"true\" class=\"fas fa-shopping-bag\"><\/i>\t\t\t<\/span>\n\t\t\t\t\t\t\t\t\t<span class=\"elementor-button-text\">D\u00e9couvrir nos produits<\/span>\n\t\t\t\t\t<\/span>\n\t\t\t\t\t<\/a>\n\t\t\t\t<\/div>\n\t\t\t\t\t\t\t\t<\/div>\n\t\t\t\t<\/div>\n\t\t\t\t<div class=\"elementor-element elementor-element-e2319ae animated-slow elementor-invisible elementor-widget elementor-widget-image-gallery\" data-id=\"e2319ae\" data-element_type=\"widget\" data-e-type=\"widget\" data-settings=\"{&quot;_animation&quot;:&quot;fadeInUp&quot;}\" data-widget_type=\"image-gallery.default\">\n\t\t\t\t<div class=\"elementor-widget-container\">\n\t\t\t\t\t\t\t<div class=\"elementor-image-gallery\">\n\t\t\t<div id='gallery-1' class='gallery galleryid-1378 gallery-columns-3 gallery-size-thumbnail'><figure class='gallery-item'>\n\t\t\t<div class='gallery-icon landscape'>\n\t\t\t\t<img decoding=\"async\" width=\"150\" height=\"150\" src=\"https:\/\/lafermedejeanmetge.fr\/wp-content\/uploads\/2023\/03\/prod-feermier-logo-1-150x150.png\" class=\"attachment-thumbnail size-thumbnail\" alt=\"\" srcset=\"https:\/\/lafermedejeanmetge.fr\/wp-content\/uploads\/2023\/03\/prod-feermier-logo-1-150x150.png 150w, https:\/\/lafermedejeanmetge.fr\/wp-content\/uploads\/2023\/03\/prod-feermier-logo-1-300x300.png 300w, https:\/\/lafermedejeanmetge.fr\/wp-content\/uploads\/2023\/03\/prod-feermier-logo-1-100x100.png 100w, https:\/\/lafermedejeanmetge.fr\/wp-content\/uploads\/2023\/03\/prod-feermier-logo-1.png 500w\" sizes=\"(max-width: 150px) 100vw, 150px\" \/>\n\t\t\t<\/div><\/figure><figure class='gallery-item'>\n\t\t\t<div class='gallery-icon landscape'>\n\t\t\t\t<img decoding=\"async\" width=\"150\" height=\"150\" src=\"https:\/\/lafermedejeanmetge.fr\/wp-content\/uploads\/2023\/03\/reseau-bienvenu-ferme-2-150x150.png\" class=\"attachment-thumbnail size-thumbnail\" alt=\"\" srcset=\"https:\/\/lafermedejeanmetge.fr\/wp-content\/uploads\/2023\/03\/reseau-bienvenu-ferme-2-150x150.png 150w, https:\/\/lafermedejeanmetge.fr\/wp-content\/uploads\/2023\/03\/reseau-bienvenu-ferme-2-300x300.png 300w, https:\/\/lafermedejeanmetge.fr\/wp-content\/uploads\/2023\/03\/reseau-bienvenu-ferme-2-100x100.png 100w, https:\/\/lafermedejeanmetge.fr\/wp-content\/uploads\/2023\/03\/reseau-bienvenu-ferme-2.png 500w\" sizes=\"(max-width: 150px) 100vw, 150px\" \/>\n\t\t\t<\/div><\/figure><figure class='gallery-item'>\n\t\t\t<div class='gallery-icon portrait'>\n\t\t\t\t<img decoding=\"async\" width=\"127\" height=\"150\" src=\"https:\/\/lafermedejeanmetge.fr\/wp-content\/uploads\/2023\/03\/logo-ab-e1700675754972-127x150.png\" class=\"attachment-thumbnail size-thumbnail\" alt=\"\" \/>\n\t\t\t<\/div><\/figure>\n\t\t<\/div>\n\t\t<\/div>\n\t\t\t\t\t\t<\/div>\n\t\t\t\t<\/div>\n\t\t\t\t\t<\/div>\n\t\t<\/div>\n\t\t\t\t\t<\/div>\n\t\t<\/section>\n\t\t\t\t<\/div>\n\t\t","protected":false},"excerpt":{"rendered":"<p>Cancon (47) La Ferme de Jeanmetge \u00ab\u00a0La Nature offre \u00e0 la fois ce qui nourrit le corps et le gu\u00e9rit, \u00e9merveille l\u2019\u00e2me, le c\u0153ur et l\u2019esprit.\u00a0\u00bbPierre Rabhi D\u00e9couvrir nos produits<\/p>\n","protected":false},"author":1,"featured_media":0,"parent":0,"menu_order":0,"comment_status":"closed","ping_status":"closed","template":"","meta":{"site-sidebar-layout":"no-sidebar","site-content-layout":"page-builder","ast-global-header-display":"","ast-main-header-display":"","ast-hfb-above-header-display":"","ast-hfb-below-header-display":"","ast-hfb-mobile-header-display":"","site-post-title":"disabled","ast-breadcrumbs-content":"","ast-featured-img":"disabled","footer-sml-layout":"","theme-transparent-header-meta":"enabled","adv-header-id-meta":"","stick-header-meta":"","header-above-stick-meta":"","header-main-stick-meta":"","header-below-stick-meta":"","footnotes":""},"class_list":["post-1378","page","type-page","status-publish","hentry"],"yoast_head":"<!-- This site is optimized with the Yoast SEO plugin v27.5 - https:\/\/yoast.com\/product\/yoast-seo-wordpress\/ -->\n<title>Accueil - La Ferme de Jeanmetge<\/title>\n<meta name=\"robots\" content=\"index, follow, max-snippet:-1, max-image-preview:large, max-video-preview:-1\" \/>\n<link rel=\"canonical\" href=\"https:\/\/lafermedejeanmetge.fr\/\" \/>\n<meta property=\"og:locale\" content=\"fr_FR\" \/>\n<meta property=\"og:type\" content=\"article\" \/>\n<meta property=\"og:title\" content=\"Accueil - La Ferme de Jeanmetge\" \/>\n<meta property=\"og:description\" content=\"Cancon (47) La Ferme de Jeanmetge \u00ab\u00a0La Nature offre \u00e0 la fois ce qui nourrit le corps et le gu\u00e9rit, \u00e9merveille l\u2019\u00e2me, le c\u0153ur et l\u2019esprit.\u00a0\u00bbPierre Rabhi D\u00e9couvrir nos produits\" \/>\n<meta property=\"og:url\" content=\"https:\/\/lafermedejeanmetge.fr\/\" \/>\n<meta property=\"og:site_name\" content=\"La Ferme de Jeanmetge\" \/>\n<meta property=\"article:modified_time\" content=\"2025-04-17T08:30:19+00:00\" \/>\n<meta property=\"og:image\" content=\"https:\/\/lafermedejeanmetge.fr\/wp-content\/uploads\/2023\/03\/prod-feermier-logo-1-150x150.png\" \/>\n<meta name=\"twitter:card\" content=\"summary_large_image\" \/>\n<meta name=\"twitter:label1\" content=\"Dur\u00e9e de lecture estim\u00e9e\" \/>\n\t<meta name=\"twitter:data1\" content=\"1 minute\" \/>\n<script type=\"application\/ld+json\" class=\"yoast-schema-graph\">{\"@context\":\"https:\\\/\\\/schema.org\",\"@graph\":[{\"@type\":\"WebPage\",\"@id\":\"https:\\\/\\\/lafermedejeanmetge.fr\\\/\",\"url\":\"https:\\\/\\\/lafermedejeanmetge.fr\\\/\",\"name\":\"Accueil - La Ferme de Jeanmetge\",\"isPartOf\":{\"@id\":\"https:\\\/\\\/lafermedejeanmetge.fr\\\/#website\"},\"primaryImageOfPage\":{\"@id\":\"https:\\\/\\\/lafermedejeanmetge.fr\\\/#primaryimage\"},\"image\":{\"@id\":\"https:\\\/\\\/lafermedejeanmetge.fr\\\/#primaryimage\"},\"thumbnailUrl\":\"https:\\\/\\\/lafermedejeanmetge.fr\\\/wp-content\\\/uploads\\\/2023\\\/03\\\/prod-feermier-logo-1-150x150.png\",\"datePublished\":\"2017-07-11T02:57:39+00:00\",\"dateModified\":\"2025-04-17T08:30:19+00:00\",\"breadcrumb\":{\"@id\":\"https:\\\/\\\/lafermedejeanmetge.fr\\\/#breadcrumb\"},\"inLanguage\":\"fr-FR\",\"potentialAction\":[{\"@type\":\"ReadAction\",\"target\":[\"https:\\\/\\\/lafermedejeanmetge.fr\\\/\"]}]},{\"@type\":\"ImageObject\",\"inLanguage\":\"fr-FR\",\"@id\":\"https:\\\/\\\/lafermedejeanmetge.fr\\\/#primaryimage\",\"url\":\"https:\\\/\\\/lafermedejeanmetge.fr\\\/wp-content\\\/uploads\\\/2023\\\/03\\\/prod-feermier-logo-1.png\",\"contentUrl\":\"https:\\\/\\\/lafermedejeanmetge.fr\\\/wp-content\\\/uploads\\\/2023\\\/03\\\/prod-feermier-logo-1.png\",\"width\":500,\"height\":500},{\"@type\":\"BreadcrumbList\",\"@id\":\"https:\\\/\\\/lafermedejeanmetge.fr\\\/#breadcrumb\",\"itemListElement\":[{\"@type\":\"ListItem\",\"position\":1,\"name\":\"Accueil\",\"item\":\"https:\\\/\\\/lafermedejeanmetge.fr\\\/\"},{\"@type\":\"ListItem\",\"position\":2,\"name\":\"Accueil\"}]},{\"@type\":\"WebSite\",\"@id\":\"https:\\\/\\\/lafermedejeanmetge.fr\\\/#website\",\"url\":\"https:\\\/\\\/lafermedejeanmetge.fr\\\/\",\"name\":\"La Ferme de Jeanmetge\",\"description\":\"\",\"publisher\":{\"@id\":\"https:\\\/\\\/lafermedejeanmetge.fr\\\/#organization\"},\"potentialAction\":[{\"@type\":\"SearchAction\",\"target\":{\"@type\":\"EntryPoint\",\"urlTemplate\":\"https:\\\/\\\/lafermedejeanmetge.fr\\\/?s={search_term_string}\"},\"query-input\":{\"@type\":\"PropertyValueSpecification\",\"valueRequired\":true,\"valueName\":\"search_term_string\"}}],\"inLanguage\":\"fr-FR\"},{\"@type\":\"Organization\",\"@id\":\"https:\\\/\\\/lafermedejeanmetge.fr\\\/#organization\",\"name\":\"La Ferme de Jeanmetge\",\"url\":\"https:\\\/\\\/lafermedejeanmetge.fr\\\/\",\"logo\":{\"@type\":\"ImageObject\",\"inLanguage\":\"fr-FR\",\"@id\":\"https:\\\/\\\/lafermedejeanmetge.fr\\\/#\\\/schema\\\/logo\\\/image\\\/\",\"url\":\"https:\\\/\\\/lafermedejeanmetge.fr\\\/wp-content\\\/uploads\\\/2023\\\/02\\\/logo-2.png\",\"contentUrl\":\"https:\\\/\\\/lafermedejeanmetge.fr\\\/wp-content\\\/uploads\\\/2023\\\/02\\\/logo-2.png\",\"width\":2400,\"height\":676,\"caption\":\"La Ferme de Jeanmetge\"},\"image\":{\"@id\":\"https:\\\/\\\/lafermedejeanmetge.fr\\\/#\\\/schema\\\/logo\\\/image\\\/\"},\"sameAs\":[\"https:\\\/\\\/www.instagram.com\\\/ferme_de_jeanmetge\\\/\"]}]}<\/script>\n<!-- \/ Yoast SEO plugin. -->","yoast_head_json":{"title":"Accueil - La Ferme de Jeanmetge","robots":{"index":"index","follow":"follow","max-snippet":"max-snippet:-1","max-image-preview":"max-image-preview:large","max-video-preview":"max-video-preview:-1"},"canonical":"https:\/\/lafermedejeanmetge.fr\/","og_locale":"fr_FR","og_type":"article","og_title":"Accueil - La Ferme de Jeanmetge","og_description":"Cancon (47) La Ferme de Jeanmetge \u00ab\u00a0La Nature offre \u00e0 la fois ce qui nourrit le corps et le gu\u00e9rit, \u00e9merveille l\u2019\u00e2me, le c\u0153ur et l\u2019esprit.\u00a0\u00bbPierre Rabhi D\u00e9couvrir nos produits","og_url":"https:\/\/lafermedejeanmetge.fr\/","og_site_name":"La Ferme de Jeanmetge","article_modified_time":"2025-04-17T08:30:19+00:00","og_image":[{"url":"https:\/\/lafermedejeanmetge.fr\/wp-content\/uploads\/2023\/03\/prod-feermier-logo-1-150x150.png","type":"","width":"","height":""}],"twitter_card":"summary_large_image","twitter_misc":{"Dur\u00e9e de lecture estim\u00e9e":"1 minute"},"schema":{"@context":"https:\/\/schema.org","@graph":[{"@type":"WebPage","@id":"https:\/\/lafermedejeanmetge.fr\/","url":"https:\/\/lafermedejeanmetge.fr\/","name":"Accueil - La Ferme de Jeanmetge","isPartOf":{"@id":"https:\/\/lafermedejeanmetge.fr\/#website"},"primaryImageOfPage":{"@id":"https:\/\/lafermedejeanmetge.fr\/#primaryimage"},"image":{"@id":"https:\/\/lafermedejeanmetge.fr\/#primaryimage"},"thumbnailUrl":"https:\/\/lafermedejeanmetge.fr\/wp-content\/uploads\/2023\/03\/prod-feermier-logo-1-150x150.png","datePublished":"2017-07-11T02:57:39+00:00","dateModified":"2025-04-17T08:30:19+00:00","breadcrumb":{"@id":"https:\/\/lafermedejeanmetge.fr\/#breadcrumb"},"inLanguage":"fr-FR","potentialAction":[{"@type":"ReadAction","target":["https:\/\/lafermedejeanmetge.fr\/"]}]},{"@type":"ImageObject","inLanguage":"fr-FR","@id":"https:\/\/lafermedejeanmetge.fr\/#primaryimage","url":"https:\/\/lafermedejeanmetge.fr\/wp-content\/uploads\/2023\/03\/prod-feermier-logo-1.png","contentUrl":"https:\/\/lafermedejeanmetge.fr\/wp-content\/uploads\/2023\/03\/prod-feermier-logo-1.png","width":500,"height":500},{"@type":"BreadcrumbList","@id":"https:\/\/lafermedejeanmetge.fr\/#breadcrumb","itemListElement":[{"@type":"ListItem","position":1,"name":"Accueil","item":"https:\/\/lafermedejeanmetge.fr\/"},{"@type":"ListItem","position":2,"name":"Accueil"}]},{"@type":"WebSite","@id":"https:\/\/lafermedejeanmetge.fr\/#website","url":"https:\/\/lafermedejeanmetge.fr\/","name":"La Ferme de Jeanmetge","description":"","publisher":{"@id":"https:\/\/lafermedejeanmetge.fr\/#organization"},"potentialAction":[{"@type":"SearchAction","target":{"@type":"EntryPoint","urlTemplate":"https:\/\/lafermedejeanmetge.fr\/?s={search_term_string}"},"query-input":{"@type":"PropertyValueSpecification","valueRequired":true,"valueName":"search_term_string"}}],"inLanguage":"fr-FR"},{"@type":"Organization","@id":"https:\/\/lafermedejeanmetge.fr\/#organization","name":"La Ferme de Jeanmetge","url":"https:\/\/lafermedejeanmetge.fr\/","logo":{"@type":"ImageObject","inLanguage":"fr-FR","@id":"https:\/\/lafermedejeanmetge.fr\/#\/schema\/logo\/image\/","url":"https:\/\/lafermedejeanmetge.fr\/wp-content\/uploads\/2023\/02\/logo-2.png","contentUrl":"https:\/\/lafermedejeanmetge.fr\/wp-content\/uploads\/2023\/02\/logo-2.png","width":2400,"height":676,"caption":"La Ferme de Jeanmetge"},"image":{"@id":"https:\/\/lafermedejeanmetge.fr\/#\/schema\/logo\/image\/"},"sameAs":["https:\/\/www.instagram.com\/ferme_de_jeanmetge\/"]}]}},"jetpack_sharing_enabled":true,"_links":{"self":[{"href":"https:\/\/lafermedejeanmetge.fr\/index.php?rest_route=\/wp\/v2\/pages\/1378","targetHints":{"allow":["GET"]}}],"collection":[{"href":"https:\/\/lafermedejeanmetge.fr\/index.php?rest_route=\/wp\/v2\/pages"}],"about":[{"href":"https:\/\/lafermedejeanmetge.fr\/index.php?rest_route=\/wp\/v2\/types\/page"}],"author":[{"embeddable":true,"href":"https:\/\/lafermedejeanmetge.fr\/index.php?rest_route=\/wp\/v2\/users\/1"}],"replies":[{"embeddable":true,"href":"https:\/\/lafermedejeanmetge.fr\/index.php?rest_route=%2Fwp%2Fv2%2Fcomments&post=1378"}],"version-history":[{"count":139,"href":"https:\/\/lafermedejeanmetge.fr\/index.php?rest_route=\/wp\/v2\/pages\/1378\/revisions"}],"predecessor-version":[{"id":2394,"href":"https:\/\/lafermedejeanmetge.fr\/index.php?rest_route=\/wp\/v2\/pages\/1378\/revisions\/2394"}],"wp:attachment":[{"href":"https:\/\/lafermedejeanmetge.fr\/index.php?rest_route=%2Fwp%2Fv2%2Fmedia&parent=1378"}],"curies":[{"name":"wp","href":"https:\/\/api.w.org\/{rel}","templated":true}]}}