{"id":1379,"date":"2017-07-11T06:30:09","date_gmt":"2017-07-11T04:30:09","guid":{"rendered":"https:\/\/lafermedejeanmetge.fr\/?page_id=1379"},"modified":"2024-09-13T14:43:14","modified_gmt":"2024-09-13T12:43:14","slug":"about","status":"publish","type":"page","link":"https:\/\/lafermedejeanmetge.fr\/?page_id=1379","title":{"rendered":"Qui sommes-nous ?"},"content":{"rendered":"\t\t<div data-elementor-type=\"wp-post\" data-elementor-id=\"1379\" class=\"elementor elementor-1379\">\n\t\t\t\t\t\t<section class=\"elementor-section elementor-top-section elementor-element elementor-element-3efc614 elementor-section-boxed elementor-section-height-default elementor-section-height-default\" data-id=\"3efc614\" data-element_type=\"section\" data-e-type=\"section\" data-settings=\"{&quot;background_background&quot;:&quot;classic&quot;}\">\n\t\t\t\t\t\t\t<div class=\"elementor-background-overlay\"><\/div>\n\t\t\t\t\t\t\t<div class=\"elementor-container elementor-column-gap-no\">\n\t\t\t\t\t<div class=\"elementor-column elementor-col-100 elementor-top-column elementor-element elementor-element-11700ba\" data-id=\"11700ba\" data-element_type=\"column\" data-e-type=\"column\">\n\t\t\t<div class=\"elementor-widget-wrap elementor-element-populated\">\n\t\t\t\t\t\t<div class=\"elementor-element elementor-element-ad4e4b0 elementor-widget elementor-widget-heading\" data-id=\"ad4e4b0\" data-element_type=\"widget\" data-e-type=\"widget\" data-widget_type=\"heading.default\">\n\t\t\t\t<div class=\"elementor-widget-container\">\n\t\t\t\t\t<h1 class=\"elementor-heading-title elementor-size-default\">Qui sommes-nous ?<\/h1>\t\t\t\t<\/div>\n\t\t\t\t<\/div>\n\t\t\t\t\t<\/div>\n\t\t<\/div>\n\t\t\t\t\t<\/div>\n\t\t<\/section>\n\t\t\t\t<section class=\"elementor-section elementor-top-section elementor-element elementor-element-d27915a elementor-section-content-middle elementor-section-boxed elementor-section-height-default elementor-section-height-default\" data-id=\"d27915a\" data-element_type=\"section\" data-e-type=\"section\" data-settings=\"{&quot;background_background&quot;:&quot;classic&quot;}\">\n\t\t\t\t\t\t\t<div class=\"elementor-background-overlay\"><\/div>\n\t\t\t\t\t\t\t<div class=\"elementor-container elementor-column-gap-no\">\n\t\t\t\t\t<div class=\"elementor-column elementor-col-50 elementor-top-column elementor-element elementor-element-c5556f6\" data-id=\"c5556f6\" data-element_type=\"column\" data-e-type=\"column\" data-settings=\"{&quot;background_background&quot;:&quot;classic&quot;}\">\n\t\t\t<div class=\"elementor-widget-wrap elementor-element-populated\">\n\t\t\t\t\t<div class=\"elementor-background-overlay\"><\/div>\n\t\t\t\t\t\t<div class=\"elementor-element elementor-element-0b1150f elementor-widget elementor-widget-image\" data-id=\"0b1150f\" data-element_type=\"widget\" data-e-type=\"widget\" data-widget_type=\"image.default\">\n\t\t\t\t<div class=\"elementor-widget-container\">\n\t\t\t\t\t\t\t\t\t\t\t\t\t\t\t<img decoding=\"async\" src=\"https:\/\/lafermedejeanmetge.fr\/wp-content\/uploads\/elementor\/thumbs\/DSF5186-qfqgmsfsfnqfph0fwh3nz8hn2mh07c5codov330zxc.jpg\" title=\"_DSF5186\" alt=\"_DSF5186\" loading=\"lazy\" \/>\t\t\t\t\t\t\t\t\t\t\t\t\t\t\t<\/div>\n\t\t\t\t<\/div>\n\t\t\t\t<div class=\"elementor-element elementor-element-3f77bae elementor-widget elementor-widget-text-editor\" data-id=\"3f77bae\" data-element_type=\"widget\" data-e-type=\"widget\" data-widget_type=\"text-editor.default\">\n\t\t\t\t<div class=\"elementor-widget-container\">\n\t\t\t\t\t\t\t\t\t<p><strong><em>Marie et Sam<\/em><\/strong><\/p>\t\t\t\t\t\t\t\t<\/div>\n\t\t\t\t<\/div>\n\t\t\t\t\t<\/div>\n\t\t<\/div>\n\t\t\t\t<div class=\"elementor-column elementor-col-50 elementor-top-column elementor-element elementor-element-005a69c\" data-id=\"005a69c\" data-element_type=\"column\" data-e-type=\"column\">\n\t\t\t<div class=\"elementor-widget-wrap elementor-element-populated\">\n\t\t\t\t\t\t<div class=\"elementor-element elementor-element-049f8b6 elementor-view-stacked elementor-position-inline-start elementor-shape-circle elementor-mobile-position-block-start elementor-widget elementor-widget-icon-box\" data-id=\"049f8b6\" data-element_type=\"widget\" data-e-type=\"widget\" data-widget_type=\"icon-box.default\">\n\t\t\t\t<div class=\"elementor-widget-container\">\n\t\t\t\t\t\t\t<div class=\"elementor-icon-box-wrapper\">\n\n\t\t\t\t\t\t<div class=\"elementor-icon-box-icon\">\n\t\t\t\t<span  class=\"elementor-icon\">\n\t\t\t\t<i aria-hidden=\"true\" class=\"far fa-laugh-beam\"><\/i>\t\t\t\t<\/span>\n\t\t\t<\/div>\n\t\t\t\n\t\t\t\t\t\t<div class=\"elementor-icon-box-content\">\n\n\t\t\t\t\t\t\t\t\t<h5 class=\"elementor-icon-box-title\">\n\t\t\t\t\t\t<span  >\n\t\t\t\t\t\t\tQui ?\t\t\t\t\t\t<\/span>\n\t\t\t\t\t<\/h5>\n\t\t\t\t\n\t\t\t\t\t\t\t\t\t<p class=\"elementor-icon-box-description\">\n\t\t\t\t\t\tNous, <strong>Marie et Sam<\/strong>, sommes install\u00e9s depuis 2007 sur<strong> la ferme de Jeanmetge<\/strong>, qui signifierait \u00ab Jean le m\u00e9decin \u00bb en occitan. Apr\u00e8s s\u2019\u00eatre form\u00e9s \u00e0 l\u2019agriculture, nous avons fait le choix de nous consacrer enti\u00e8rement \u00e0 notre exploitation agricole en 2018.\t\t\t\t\t<\/p>\n\t\t\t\t\n\t\t\t<\/div>\n\t\t\t\n\t\t<\/div>\n\t\t\t\t\t\t<\/div>\n\t\t\t\t<\/div>\n\t\t\t\t<div class=\"elementor-element elementor-element-0e34d6a elementor-view-stacked elementor-position-inline-start elementor-shape-circle elementor-mobile-position-block-start elementor-widget elementor-widget-icon-box\" data-id=\"0e34d6a\" data-element_type=\"widget\" data-e-type=\"widget\" data-widget_type=\"icon-box.default\">\n\t\t\t\t<div class=\"elementor-widget-container\">\n\t\t\t\t\t\t\t<div class=\"elementor-icon-box-wrapper\">\n\n\t\t\t\t\t\t<div class=\"elementor-icon-box-icon\">\n\t\t\t\t<span  class=\"elementor-icon\">\n\t\t\t\t<i aria-hidden=\"true\" class=\"fas fa-search\"><\/i>\t\t\t\t<\/span>\n\t\t\t<\/div>\n\t\t\t\n\t\t\t\t\t\t<div class=\"elementor-icon-box-content\">\n\n\t\t\t\t\t\t\t\t\t<h5 class=\"elementor-icon-box-title\">\n\t\t\t\t\t\t<span  >\n\t\t\t\t\t\t\tO\u00f9 ?\t\t\t\t\t\t<\/span>\n\t\t\t\t\t<\/h5>\n\t\t\t\t\n\t\t\t\t\t\t\t\t\t<p class=\"elementor-icon-box-description\">\n\t\t\t\t\t\tNotre ferme est situ\u00e9e \u00e0 <strong>Cancon<\/strong>, petite commune du <strong>Lot-et-Garonne en Nouvelle-Aquitaine<\/strong>.  \nLa Ferme de Jeanmetge est perch\u00e9e sur le haut d\u2019un petit vallon qui offre une belle vue panoramique sur la campagne environnante.\nStendhal aurait appel\u00e9 notre r\u00e9gion \u00ab la petite Toscane \u00bb gr\u00e2ce \u00e0 nos reliefs et paysages vallonn\u00e9s.\n\t\t\t\t\t<\/p>\n\t\t\t\t\n\t\t\t<\/div>\n\t\t\t\n\t\t<\/div>\n\t\t\t\t\t\t<\/div>\n\t\t\t\t<\/div>\n\t\t\t\t<div class=\"elementor-element elementor-element-324535b elementor-view-stacked elementor-position-inline-start elementor-shape-circle elementor-mobile-position-block-start elementor-widget elementor-widget-icon-box\" data-id=\"324535b\" data-element_type=\"widget\" data-e-type=\"widget\" data-widget_type=\"icon-box.default\">\n\t\t\t\t<div class=\"elementor-widget-container\">\n\t\t\t\t\t\t\t<div class=\"elementor-icon-box-wrapper\">\n\n\t\t\t\t\t\t<div class=\"elementor-icon-box-icon\">\n\t\t\t\t<span  class=\"elementor-icon\">\n\t\t\t\t<i aria-hidden=\"true\" class=\"fas fa-spa\"><\/i>\t\t\t\t<\/span>\n\t\t\t<\/div>\n\t\t\t\n\t\t\t\t\t\t<div class=\"elementor-icon-box-content\">\n\n\t\t\t\t\t\t\t\t\t<h5 class=\"elementor-icon-box-title\">\n\t\t\t\t\t\t<span  >\n\t\t\t\t\t\t\tQuoi ?\t\t\t\t\t\t<\/span>\n\t\t\t\t\t<\/h5>\n\t\t\t\t\n\t\t\t\t\t\t\t\t\t<p class=\"elementor-icon-box-description\">\n\t\t\t\t\t\tLa ferme de Jeanmetge est en <strong> polyculture  et \u00e9levage<\/strong> sur 30 ha.\nNous y produisons des fruits et des l\u00e9gumes pour la confection de conserves mais aussi des plantes aromatiques et m\u00e9dicinales pour les tisanes, les baumes et les eaux florales.\nNous y \u00e9levons des poules pour les \u0153ufs, des moutons pour la viande et des abeilles  pour les produits de la ruche, dans le respect du <strong>bien \u00eatre animal<\/strong>.\t\t\t\t\t<\/p>\n\t\t\t\t\n\t\t\t<\/div>\n\t\t\t\n\t\t<\/div>\n\t\t\t\t\t\t<\/div>\n\t\t\t\t<\/div>\n\t\t\t\t<div class=\"elementor-element elementor-element-9fa8c1b elementor-view-stacked elementor-position-inline-start elementor-shape-circle elementor-mobile-position-block-start elementor-widget elementor-widget-icon-box\" data-id=\"9fa8c1b\" data-element_type=\"widget\" data-e-type=\"widget\" data-widget_type=\"icon-box.default\">\n\t\t\t\t<div class=\"elementor-widget-container\">\n\t\t\t\t\t\t\t<div class=\"elementor-icon-box-wrapper\">\n\n\t\t\t\t\t\t<div class=\"elementor-icon-box-icon\">\n\t\t\t\t<span  class=\"elementor-icon\">\n\t\t\t\t<i aria-hidden=\"true\" class=\"fas fa-tools\"><\/i>\t\t\t\t<\/span>\n\t\t\t<\/div>\n\t\t\t\n\t\t\t\t\t\t<div class=\"elementor-icon-box-content\">\n\n\t\t\t\t\t\t\t\t\t<h5 class=\"elementor-icon-box-title\">\n\t\t\t\t\t\t<span  >\n\t\t\t\t\t\t\tComment ?\t\t\t\t\t\t<\/span>\n\t\t\t\t\t<\/h5>\n\t\t\t\t\n\t\t\t\t\t\t\t\t\t<p class=\"elementor-icon-box-description\">\n\t\t\t\t\t\tToute l\u2019exploitation est men\u00e9e en <strong> agriculture biologique <\/strong>depuis le d\u00e9but de notre activit\u00e9.\nNous d\u00e9veloppons certaines de nos parcelles en <strong>agroforesterie <\/strong>afin d\u2019associer culture et \u00e9levage sur nos terres et ceci pour pr\u00e9server nos sols et permettre \u00e0 l\u2019eau de rester et s\u2019infiltrer en profondeur.\nNous avons recr\u00e9\u00e9 des zones humides en contre-bas de nos parcelles, en bordure d\u2019un petit cours d\u2019eau, afin de r\u00e9introduire de la faune et de la flore et ainsi de pr\u00e9server la <strong>biodiversit\u00e9<\/strong> dans nos campagnes.\n\n\t\t\t\t\t<\/p>\n\t\t\t\t\n\t\t\t<\/div>\n\t\t\t\n\t\t<\/div>\n\t\t\t\t\t\t<\/div>\n\t\t\t\t<\/div>\n\t\t\t\t\t<\/div>\n\t\t<\/div>\n\t\t\t\t\t<\/div>\n\t\t<\/section>\n\t\t\t\t<section class=\"elementor-section elementor-top-section elementor-element elementor-element-15669da elementor-section-boxed elementor-section-height-default elementor-section-height-default\" data-id=\"15669da\" data-element_type=\"section\" data-e-type=\"section\">\n\t\t\t\t\t\t<div class=\"elementor-container elementor-column-gap-default\">\n\t\t\t\t\t<div class=\"elementor-column elementor-col-100 elementor-top-column elementor-element elementor-element-b75ab1f\" data-id=\"b75ab1f\" data-element_type=\"column\" data-e-type=\"column\">\n\t\t\t<div class=\"elementor-widget-wrap elementor-element-populated\">\n\t\t\t\t\t\t<div class=\"elementor-element elementor-element-d18271e elementor-position-top elementor-widget elementor-widget-image-box\" data-id=\"d18271e\" data-element_type=\"widget\" data-e-type=\"widget\" data-widget_type=\"image-box.default\">\n\t\t\t\t<div class=\"elementor-widget-container\">\n\t\t\t\t\t<div class=\"elementor-image-box-wrapper\"><figure class=\"elementor-image-box-img\"><img fetchpriority=\"high\" decoding=\"async\" width=\"500\" height=\"500\" src=\"https:\/\/lafermedejeanmetge.fr\/wp-content\/uploads\/2024\/01\/logo-cera-alba2.png\" class=\"attachment-full size-full wp-image-2216\" alt=\"\" srcset=\"https:\/\/lafermedejeanmetge.fr\/wp-content\/uploads\/2024\/01\/logo-cera-alba2.png 500w, https:\/\/lafermedejeanmetge.fr\/wp-content\/uploads\/2024\/01\/logo-cera-alba2-300x300.png 300w, https:\/\/lafermedejeanmetge.fr\/wp-content\/uploads\/2024\/01\/logo-cera-alba2-150x150.png 150w, https:\/\/lafermedejeanmetge.fr\/wp-content\/uploads\/2024\/01\/logo-cera-alba2-100x100.png 100w\" sizes=\"(max-width: 500px) 100vw, 500px\" \/><\/figure><div class=\"elementor-image-box-content\"><h3 class=\"elementor-image-box-title\">Notre marque<\/h3><p class=\"elementor-image-box-description\">Depuis 2023, La ferme de Jeanmetge a lanc\u00e9 une gamme de produits cosm\u00e9tiques et bien-\u00eatre appel\u00e9 Cera Alba qui signifie \"cire blanche\" en latin.\nL'essentiel des ingr\u00e9dients sont produits sur notre ferme comme la cire, la propolis, le miel qui sont issus de notre rucher ou encore l'huile de chanvre fabriqu\u00e9e avec les graines de nos r\u00e9coltes.\nLes eaux florales (ou hydrolats) sont produites de mani\u00e8re traditionnelle, dans un alambic en cuivre, gr\u00e2ce \u00e0 la distillation des plantes m\u00e9dicinales cultiv\u00e9es sur la ferme.\nNos pr\u00e9parations sont fabriqu\u00e9es avec le plus grand soin afin de vous donner le meilleur et de ressentir les sens de la Terre!<\/p><\/div><\/div>\t\t\t\t<\/div>\n\t\t\t\t<\/div>\n\t\t\t\t\t<\/div>\n\t\t<\/div>\n\t\t\t\t\t<\/div>\n\t\t<\/section>\n\t\t\t\t<\/div>\n\t\t","protected":false},"excerpt":{"rendered":"<p>Qui sommes-nous ? Marie et Sam Qui ? Nous, Marie et Sam, sommes install\u00e9s depuis 2007 sur la ferme de Jeanmetge, qui signifierait \u00ab Jean le m\u00e9decin \u00bb en occitan. Apr\u00e8s s\u2019\u00eatre form\u00e9s \u00e0 l\u2019agriculture, nous avons fait le choix de nous consacrer enti\u00e8rement \u00e0 notre exploitation agricole en 2018. O\u00f9 ? Notre ferme est &hellip;<\/p>\n<p class=\"read-more\"> <a class=\"\" href=\"https:\/\/lafermedejeanmetge.fr\/?page_id=1379\"> <span class=\"screen-reader-text\">Qui sommes-nous ?<\/span> Lire la suite\u00a0\u00bb<\/a><\/p>\n","protected":false},"author":1,"featured_media":0,"parent":0,"menu_order":0,"comment_status":"closed","ping_status":"closed","template":"","meta":{"site-sidebar-layout":"no-sidebar","site-content-layout":"page-builder","ast-global-header-display":"","ast-main-header-display":"","ast-hfb-above-header-display":"","ast-hfb-below-header-display":"","ast-hfb-mobile-header-display":"","site-post-title":"disabled","ast-breadcrumbs-content":"","ast-featured-img":"disabled","footer-sml-layout":"","theme-transparent-header-meta":"enabled","adv-header-id-meta":"","stick-header-meta":"","header-above-stick-meta":"","header-main-stick-meta":"","header-below-stick-meta":"","footnotes":""},"class_list":["post-1379","page","type-page","status-publish","hentry"],"yoast_head":"<!-- This site is optimized with the Yoast SEO plugin v27.4 - https:\/\/yoast.com\/product\/yoast-seo-wordpress\/ -->\n<title>Qui sommes-nous ? - La Ferme de Jeanmetge<\/title>\n<meta name=\"robots\" content=\"index, follow, max-snippet:-1, max-image-preview:large, max-video-preview:-1\" \/>\n<link rel=\"canonical\" href=\"https:\/\/lafermedejeanmetge.fr\/?page_id=1379\" \/>\n<meta property=\"og:locale\" content=\"fr_FR\" \/>\n<meta property=\"og:type\" content=\"article\" \/>\n<meta property=\"og:title\" content=\"Qui sommes-nous ? - La Ferme de Jeanmetge\" \/>\n<meta property=\"og:description\" content=\"Qui sommes-nous ? Marie et Sam Qui ? Nous, Marie et Sam, sommes install\u00e9s depuis 2007 sur la ferme de Jeanmetge, qui signifierait \u00ab Jean le m\u00e9decin \u00bb en occitan. Apr\u00e8s s\u2019\u00eatre form\u00e9s \u00e0 l\u2019agriculture, nous avons fait le choix de nous consacrer enti\u00e8rement \u00e0 notre exploitation agricole en 2018. O\u00f9 ? Notre ferme est &hellip; Qui sommes-nous ? Lire la suite\u00a0\u00bb\" \/>\n<meta property=\"og:url\" content=\"https:\/\/lafermedejeanmetge.fr\/?page_id=1379\" \/>\n<meta property=\"og:site_name\" content=\"La Ferme de Jeanmetge\" \/>\n<meta property=\"article:modified_time\" content=\"2024-09-13T12:43:14+00:00\" \/>\n<meta property=\"og:image\" content=\"https:\/\/lafermedejeanmetge.fr\/wp-content\/uploads\/elementor\/thumbs\/DSF5186-qfqgmsfsfnqfph0fwh3nz8hn2mh07c5codov330zxc.jpg\" \/>\n<meta name=\"twitter:card\" content=\"summary_large_image\" \/>\n<meta name=\"twitter:label1\" content=\"Dur\u00e9e de lecture estim\u00e9e\" \/>\n\t<meta name=\"twitter:data1\" content=\"1 minute\" \/>\n<script type=\"application\/ld+json\" class=\"yoast-schema-graph\">{\"@context\":\"https:\\\/\\\/schema.org\",\"@graph\":[{\"@type\":\"WebPage\",\"@id\":\"https:\\\/\\\/lafermedejeanmetge.fr\\\/?page_id=1379\",\"url\":\"https:\\\/\\\/lafermedejeanmetge.fr\\\/?page_id=1379\",\"name\":\"Qui sommes-nous ? - La Ferme de Jeanmetge\",\"isPartOf\":{\"@id\":\"https:\\\/\\\/lafermedejeanmetge.fr\\\/#website\"},\"primaryImageOfPage\":{\"@id\":\"https:\\\/\\\/lafermedejeanmetge.fr\\\/?page_id=1379#primaryimage\"},\"image\":{\"@id\":\"https:\\\/\\\/lafermedejeanmetge.fr\\\/?page_id=1379#primaryimage\"},\"thumbnailUrl\":\"https:\\\/\\\/lafermedejeanmetge.fr\\\/wp-content\\\/uploads\\\/elementor\\\/thumbs\\\/DSF5186-qfqgmsfsfnqfph0fwh3nz8hn2mh07c5codov330zxc.jpg\",\"datePublished\":\"2017-07-11T04:30:09+00:00\",\"dateModified\":\"2024-09-13T12:43:14+00:00\",\"breadcrumb\":{\"@id\":\"https:\\\/\\\/lafermedejeanmetge.fr\\\/?page_id=1379#breadcrumb\"},\"inLanguage\":\"fr-FR\",\"potentialAction\":[{\"@type\":\"ReadAction\",\"target\":[\"https:\\\/\\\/lafermedejeanmetge.fr\\\/?page_id=1379\"]}]},{\"@type\":\"ImageObject\",\"inLanguage\":\"fr-FR\",\"@id\":\"https:\\\/\\\/lafermedejeanmetge.fr\\\/?page_id=1379#primaryimage\",\"url\":\"https:\\\/\\\/lafermedejeanmetge.fr\\\/wp-content\\\/uploads\\\/elementor\\\/thumbs\\\/DSF5186-qfqgmsfsfnqfph0fwh3nz8hn2mh07c5codov330zxc.jpg\",\"contentUrl\":\"https:\\\/\\\/lafermedejeanmetge.fr\\\/wp-content\\\/uploads\\\/elementor\\\/thumbs\\\/DSF5186-qfqgmsfsfnqfph0fwh3nz8hn2mh07c5codov330zxc.jpg\"},{\"@type\":\"BreadcrumbList\",\"@id\":\"https:\\\/\\\/lafermedejeanmetge.fr\\\/?page_id=1379#breadcrumb\",\"itemListElement\":[{\"@type\":\"ListItem\",\"position\":1,\"name\":\"Accueil\",\"item\":\"https:\\\/\\\/lafermedejeanmetge.fr\\\/\"},{\"@type\":\"ListItem\",\"position\":2,\"name\":\"Qui sommes-nous ?\"}]},{\"@type\":\"WebSite\",\"@id\":\"https:\\\/\\\/lafermedejeanmetge.fr\\\/#website\",\"url\":\"https:\\\/\\\/lafermedejeanmetge.fr\\\/\",\"name\":\"La Ferme de Jeanmetge\",\"description\":\"\",\"publisher\":{\"@id\":\"https:\\\/\\\/lafermedejeanmetge.fr\\\/#organization\"},\"potentialAction\":[{\"@type\":\"SearchAction\",\"target\":{\"@type\":\"EntryPoint\",\"urlTemplate\":\"https:\\\/\\\/lafermedejeanmetge.fr\\\/?s={search_term_string}\"},\"query-input\":{\"@type\":\"PropertyValueSpecification\",\"valueRequired\":true,\"valueName\":\"search_term_string\"}}],\"inLanguage\":\"fr-FR\"},{\"@type\":\"Organization\",\"@id\":\"https:\\\/\\\/lafermedejeanmetge.fr\\\/#organization\",\"name\":\"La Ferme de Jeanmetge\",\"url\":\"https:\\\/\\\/lafermedejeanmetge.fr\\\/\",\"logo\":{\"@type\":\"ImageObject\",\"inLanguage\":\"fr-FR\",\"@id\":\"https:\\\/\\\/lafermedejeanmetge.fr\\\/#\\\/schema\\\/logo\\\/image\\\/\",\"url\":\"https:\\\/\\\/lafermedejeanmetge.fr\\\/wp-content\\\/uploads\\\/2023\\\/02\\\/logo-2.png\",\"contentUrl\":\"https:\\\/\\\/lafermedejeanmetge.fr\\\/wp-content\\\/uploads\\\/2023\\\/02\\\/logo-2.png\",\"width\":2400,\"height\":676,\"caption\":\"La Ferme de Jeanmetge\"},\"image\":{\"@id\":\"https:\\\/\\\/lafermedejeanmetge.fr\\\/#\\\/schema\\\/logo\\\/image\\\/\"},\"sameAs\":[\"https:\\\/\\\/www.instagram.com\\\/ferme_de_jeanmetge\\\/\"]}]}<\/script>\n<!-- \/ Yoast SEO plugin. -->","yoast_head_json":{"title":"Qui sommes-nous ? - La Ferme de Jeanmetge","robots":{"index":"index","follow":"follow","max-snippet":"max-snippet:-1","max-image-preview":"max-image-preview:large","max-video-preview":"max-video-preview:-1"},"canonical":"https:\/\/lafermedejeanmetge.fr\/?page_id=1379","og_locale":"fr_FR","og_type":"article","og_title":"Qui sommes-nous ? - La Ferme de Jeanmetge","og_description":"Qui sommes-nous ? Marie et Sam Qui ? Nous, Marie et Sam, sommes install\u00e9s depuis 2007 sur la ferme de Jeanmetge, qui signifierait \u00ab Jean le m\u00e9decin \u00bb en occitan. Apr\u00e8s s\u2019\u00eatre form\u00e9s \u00e0 l\u2019agriculture, nous avons fait le choix de nous consacrer enti\u00e8rement \u00e0 notre exploitation agricole en 2018. O\u00f9 ? Notre ferme est &hellip; Qui sommes-nous ? Lire la suite\u00a0\u00bb","og_url":"https:\/\/lafermedejeanmetge.fr\/?page_id=1379","og_site_name":"La Ferme de Jeanmetge","article_modified_time":"2024-09-13T12:43:14+00:00","og_image":[{"url":"https:\/\/lafermedejeanmetge.fr\/wp-content\/uploads\/elementor\/thumbs\/DSF5186-qfqgmsfsfnqfph0fwh3nz8hn2mh07c5codov330zxc.jpg","type":"","width":"","height":""}],"twitter_card":"summary_large_image","twitter_misc":{"Dur\u00e9e de lecture estim\u00e9e":"1 minute"},"schema":{"@context":"https:\/\/schema.org","@graph":[{"@type":"WebPage","@id":"https:\/\/lafermedejeanmetge.fr\/?page_id=1379","url":"https:\/\/lafermedejeanmetge.fr\/?page_id=1379","name":"Qui sommes-nous ? - La Ferme de Jeanmetge","isPartOf":{"@id":"https:\/\/lafermedejeanmetge.fr\/#website"},"primaryImageOfPage":{"@id":"https:\/\/lafermedejeanmetge.fr\/?page_id=1379#primaryimage"},"image":{"@id":"https:\/\/lafermedejeanmetge.fr\/?page_id=1379#primaryimage"},"thumbnailUrl":"https:\/\/lafermedejeanmetge.fr\/wp-content\/uploads\/elementor\/thumbs\/DSF5186-qfqgmsfsfnqfph0fwh3nz8hn2mh07c5codov330zxc.jpg","datePublished":"2017-07-11T04:30:09+00:00","dateModified":"2024-09-13T12:43:14+00:00","breadcrumb":{"@id":"https:\/\/lafermedejeanmetge.fr\/?page_id=1379#breadcrumb"},"inLanguage":"fr-FR","potentialAction":[{"@type":"ReadAction","target":["https:\/\/lafermedejeanmetge.fr\/?page_id=1379"]}]},{"@type":"ImageObject","inLanguage":"fr-FR","@id":"https:\/\/lafermedejeanmetge.fr\/?page_id=1379#primaryimage","url":"https:\/\/lafermedejeanmetge.fr\/wp-content\/uploads\/elementor\/thumbs\/DSF5186-qfqgmsfsfnqfph0fwh3nz8hn2mh07c5codov330zxc.jpg","contentUrl":"https:\/\/lafermedejeanmetge.fr\/wp-content\/uploads\/elementor\/thumbs\/DSF5186-qfqgmsfsfnqfph0fwh3nz8hn2mh07c5codov330zxc.jpg"},{"@type":"BreadcrumbList","@id":"https:\/\/lafermedejeanmetge.fr\/?page_id=1379#breadcrumb","itemListElement":[{"@type":"ListItem","position":1,"name":"Accueil","item":"https:\/\/lafermedejeanmetge.fr\/"},{"@type":"ListItem","position":2,"name":"Qui sommes-nous ?"}]},{"@type":"WebSite","@id":"https:\/\/lafermedejeanmetge.fr\/#website","url":"https:\/\/lafermedejeanmetge.fr\/","name":"La Ferme de Jeanmetge","description":"","publisher":{"@id":"https:\/\/lafermedejeanmetge.fr\/#organization"},"potentialAction":[{"@type":"SearchAction","target":{"@type":"EntryPoint","urlTemplate":"https:\/\/lafermedejeanmetge.fr\/?s={search_term_string}"},"query-input":{"@type":"PropertyValueSpecification","valueRequired":true,"valueName":"search_term_string"}}],"inLanguage":"fr-FR"},{"@type":"Organization","@id":"https:\/\/lafermedejeanmetge.fr\/#organization","name":"La Ferme de Jeanmetge","url":"https:\/\/lafermedejeanmetge.fr\/","logo":{"@type":"ImageObject","inLanguage":"fr-FR","@id":"https:\/\/lafermedejeanmetge.fr\/#\/schema\/logo\/image\/","url":"https:\/\/lafermedejeanmetge.fr\/wp-content\/uploads\/2023\/02\/logo-2.png","contentUrl":"https:\/\/lafermedejeanmetge.fr\/wp-content\/uploads\/2023\/02\/logo-2.png","width":2400,"height":676,"caption":"La Ferme de Jeanmetge"},"image":{"@id":"https:\/\/lafermedejeanmetge.fr\/#\/schema\/logo\/image\/"},"sameAs":["https:\/\/www.instagram.com\/ferme_de_jeanmetge\/"]}]}},"jetpack_sharing_enabled":true,"_links":{"self":[{"href":"https:\/\/lafermedejeanmetge.fr\/index.php?rest_route=\/wp\/v2\/pages\/1379","targetHints":{"allow":["GET"]}}],"collection":[{"href":"https:\/\/lafermedejeanmetge.fr\/index.php?rest_route=\/wp\/v2\/pages"}],"about":[{"href":"https:\/\/lafermedejeanmetge.fr\/index.php?rest_route=\/wp\/v2\/types\/page"}],"author":[{"embeddable":true,"href":"https:\/\/lafermedejeanmetge.fr\/index.php?rest_route=\/wp\/v2\/users\/1"}],"replies":[{"embeddable":true,"href":"https:\/\/lafermedejeanmetge.fr\/index.php?rest_route=%2Fwp%2Fv2%2Fcomments&post=1379"}],"version-history":[{"count":98,"href":"https:\/\/lafermedejeanmetge.fr\/index.php?rest_route=\/wp\/v2\/pages\/1379\/revisions"}],"predecessor-version":[{"id":2259,"href":"https:\/\/lafermedejeanmetge.fr\/index.php?rest_route=\/wp\/v2\/pages\/1379\/revisions\/2259"}],"wp:attachment":[{"href":"https:\/\/lafermedejeanmetge.fr\/index.php?rest_route=%2Fwp%2Fv2%2Fmedia&parent=1379"}],"curies":[{"name":"wp","href":"https:\/\/api.w.org\/{rel}","templated":true}]}}