{"id":1833,"date":"2023-03-06T09:55:06","date_gmt":"2023-03-06T08:55:06","guid":{"rendered":"https:\/\/lafermedejeanmetge.fr\/?post_type=product&#038;p=1833"},"modified":"2025-11-06T16:21:43","modified_gmt":"2025-11-06T15:21:43","slug":"la-fee-rototo","status":"publish","type":"product","link":"https:\/\/lafermedejeanmetge.fr\/?product=la-fee-rototo","title":{"rendered":"La F\u00e9e Rototo"},"content":{"rendered":"<p>M\u00e9lange de plantes id\u00e9al apr\u00e8s un repas copieux.<\/p>\n<p>Utiliser l&rsquo;\u00e9quivalent d&rsquo;une cuill\u00e8re \u00e0 soupe pour 800 ml d&rsquo;eau fr\u00e9missante \u00e0 90\u00b0.<\/p>\n<p>Mais les infusions peuvent aussi se d\u00e9guster froides !<\/p>\n<h3><a href=\"https:\/\/lafermedejeanmetge.fr\/?post_type=product\">RETOURNER \u00c0 LA BOUTIQUE<\/a><\/h3>\n","protected":false},"excerpt":{"rendered":"<p>Verveine citronn\u00e9e, camomille romaine, menthe poivr\u00e9e, romarin<\/p>\n<p>25 gr<\/p>\n","protected":false},"featured_media":2291,"comment_status":"open","ping_status":"closed","template":"","meta":{"site-sidebar-layout":"default","site-content-layout":"default","ast-global-header-display":"","ast-main-header-display":"","ast-hfb-above-header-display":"","ast-hfb-below-header-display":"","ast-hfb-mobile-header-display":"","site-post-title":"","ast-breadcrumbs-content":"","ast-featured-img":"","footer-sml-layout":"","theme-transparent-header-meta":"default","adv-header-id-meta":"","stick-header-meta":"","header-above-stick-meta":"","header-main-stick-meta":"","header-below-stick-meta":""},"product_brand":[46,47],"product_cat":[27],"product_tag":[66,65,67,48,64],"class_list":{"0":"post-1833","1":"product","2":"type-product","3":"status-publish","4":"has-post-thumbnail","6":"product_brand-cera-alba","7":"product_brand-ferme-jeanmetge","8":"product_cat-tisanes","9":"product_tag-camomille","10":"product_tag-menthe","11":"product_tag-romarin","12":"product_tag-tisane","13":"product_tag-verveine","14":"desktop-align-center","15":"tablet-align-left","16":"mobile-align-left","18":"first","19":"instock","20":"taxable","21":"shipping-taxable","22":"purchasable","23":"product-type-simple"},"yoast_head":"<!-- This site is optimized with the Yoast SEO plugin v27.5 - https:\/\/yoast.com\/product\/yoast-seo-wordpress\/ -->\n<title>La F\u00e9e Rototo - Tisane - Cera Alba<\/title>\n<meta name=\"description\" content=\"La F\u00e9e Rototo Verveine citronn\u00e9e, camomille romaine, menthe poivr\u00e9e, romarin.\" \/>\n<meta name=\"robots\" content=\"index, follow, max-snippet:-1, max-image-preview:large, max-video-preview:-1\" \/>\n<link rel=\"canonical\" href=\"https:\/\/lafermedejeanmetge.fr\/?product=la-fee-rototo\" \/>\n<meta property=\"og:locale\" content=\"fr_FR\" \/>\n<meta property=\"og:type\" content=\"article\" \/>\n<meta property=\"og:title\" content=\"La F\u00e9e Rototo\" \/>\n<meta property=\"og:description\" content=\"La F\u00e9e Rototo Verveine citronn\u00e9e, camomille romaine, menthe poivr\u00e9e, romarin.\" \/>\n<meta property=\"og:url\" content=\"https:\/\/lafermedejeanmetge.fr\/?product=la-fee-rototo\" \/>\n<meta property=\"og:site_name\" content=\"La Ferme de Jeanmetge\" \/>\n<meta property=\"article:modified_time\" content=\"2025-11-06T15:21:43+00:00\" \/>\n<meta property=\"og:image\" content=\"https:\/\/lafermedejeanmetge.fr\/wp-content\/uploads\/2023\/03\/fee-rototo-tisane.png\" \/>\n\t<meta property=\"og:image:width\" content=\"1080\" \/>\n\t<meta property=\"og:image:height\" content=\"1080\" \/>\n\t<meta property=\"og:image:type\" content=\"image\/png\" \/>\n<meta name=\"twitter:card\" content=\"summary_large_image\" \/>\n<meta name=\"twitter:title\" content=\"La F\u00e9e Rototo\" \/>\n<meta name=\"twitter:image\" content=\"https:\/\/lafermedejeanmetge.fr\/wp-content\/uploads\/2023\/03\/fee-rototo-tisane.png\" \/>\n<meta name=\"twitter:label1\" content=\"Dur\u00e9e de lecture estim\u00e9e\" \/>\n\t<meta name=\"twitter:data1\" content=\"1 minute\" \/>\n<script type=\"application\/ld+json\" class=\"yoast-schema-graph\">{\"@context\":\"https:\\\/\\\/schema.org\",\"@graph\":[{\"@type\":\"WebPage\",\"@id\":\"https:\\\/\\\/lafermedejeanmetge.fr\\\/?product=la-fee-rototo\",\"url\":\"https:\\\/\\\/lafermedejeanmetge.fr\\\/?product=la-fee-rototo\",\"name\":\"La F\u00e9e Rototo - Tisane - Cera Alba\",\"isPartOf\":{\"@id\":\"https:\\\/\\\/lafermedejeanmetge.fr\\\/#website\"},\"primaryImageOfPage\":{\"@id\":\"https:\\\/\\\/lafermedejeanmetge.fr\\\/?product=la-fee-rototo#primaryimage\"},\"image\":{\"@id\":\"https:\\\/\\\/lafermedejeanmetge.fr\\\/?product=la-fee-rototo#primaryimage\"},\"thumbnailUrl\":\"https:\\\/\\\/lafermedejeanmetge.fr\\\/wp-content\\\/uploads\\\/2023\\\/03\\\/fee-rototo-tisane.png\",\"datePublished\":\"2023-03-06T08:55:06+00:00\",\"dateModified\":\"2025-11-06T15:21:43+00:00\",\"description\":\"La F\u00e9e Rototo Verveine citronn\u00e9e, camomille romaine, menthe poivr\u00e9e, romarin.\",\"breadcrumb\":{\"@id\":\"https:\\\/\\\/lafermedejeanmetge.fr\\\/?product=la-fee-rototo#breadcrumb\"},\"inLanguage\":\"fr-FR\",\"potentialAction\":[{\"@type\":\"ReadAction\",\"target\":[\"https:\\\/\\\/lafermedejeanmetge.fr\\\/?product=la-fee-rototo\"]}]},{\"@type\":\"ImageObject\",\"inLanguage\":\"fr-FR\",\"@id\":\"https:\\\/\\\/lafermedejeanmetge.fr\\\/?product=la-fee-rototo#primaryimage\",\"url\":\"https:\\\/\\\/lafermedejeanmetge.fr\\\/wp-content\\\/uploads\\\/2023\\\/03\\\/fee-rototo-tisane.png\",\"contentUrl\":\"https:\\\/\\\/lafermedejeanmetge.fr\\\/wp-content\\\/uploads\\\/2023\\\/03\\\/fee-rototo-tisane.png\",\"width\":1080,\"height\":1080,\"caption\":\"f\u00e9e rototo tisane cera alba\"},{\"@type\":\"BreadcrumbList\",\"@id\":\"https:\\\/\\\/lafermedejeanmetge.fr\\\/?product=la-fee-rototo#breadcrumb\",\"itemListElement\":[{\"@type\":\"ListItem\",\"position\":1,\"name\":\"Accueil\",\"item\":\"https:\\\/\\\/lafermedejeanmetge.fr\\\/\"},{\"@type\":\"ListItem\",\"position\":2,\"name\":\"Boutique\",\"item\":\"https:\\\/\\\/lafermedejeanmetge.fr\\\/?page_id=1402\"},{\"@type\":\"ListItem\",\"position\":3,\"name\":\"La F\u00e9e Rototo\"}]},{\"@type\":\"WebSite\",\"@id\":\"https:\\\/\\\/lafermedejeanmetge.fr\\\/#website\",\"url\":\"https:\\\/\\\/lafermedejeanmetge.fr\\\/\",\"name\":\"La Ferme de Jeanmetge\",\"description\":\"\",\"publisher\":{\"@id\":\"https:\\\/\\\/lafermedejeanmetge.fr\\\/#organization\"},\"potentialAction\":[{\"@type\":\"SearchAction\",\"target\":{\"@type\":\"EntryPoint\",\"urlTemplate\":\"https:\\\/\\\/lafermedejeanmetge.fr\\\/?s={search_term_string}\"},\"query-input\":{\"@type\":\"PropertyValueSpecification\",\"valueRequired\":true,\"valueName\":\"search_term_string\"}}],\"inLanguage\":\"fr-FR\"},{\"@type\":\"Organization\",\"@id\":\"https:\\\/\\\/lafermedejeanmetge.fr\\\/#organization\",\"name\":\"La Ferme de Jeanmetge\",\"url\":\"https:\\\/\\\/lafermedejeanmetge.fr\\\/\",\"logo\":{\"@type\":\"ImageObject\",\"inLanguage\":\"fr-FR\",\"@id\":\"https:\\\/\\\/lafermedejeanmetge.fr\\\/#\\\/schema\\\/logo\\\/image\\\/\",\"url\":\"https:\\\/\\\/lafermedejeanmetge.fr\\\/wp-content\\\/uploads\\\/2023\\\/02\\\/logo-2.png\",\"contentUrl\":\"https:\\\/\\\/lafermedejeanmetge.fr\\\/wp-content\\\/uploads\\\/2023\\\/02\\\/logo-2.png\",\"width\":2400,\"height\":676,\"caption\":\"La Ferme de Jeanmetge\"},\"image\":{\"@id\":\"https:\\\/\\\/lafermedejeanmetge.fr\\\/#\\\/schema\\\/logo\\\/image\\\/\"},\"sameAs\":[\"https:\\\/\\\/www.instagram.com\\\/ferme_de_jeanmetge\\\/\"]}]}<\/script>\n<!-- \/ Yoast SEO plugin. -->","yoast_head_json":{"title":"La F\u00e9e Rototo - Tisane - Cera Alba","description":"La F\u00e9e Rototo Verveine citronn\u00e9e, camomille romaine, menthe poivr\u00e9e, romarin.","robots":{"index":"index","follow":"follow","max-snippet":"max-snippet:-1","max-image-preview":"max-image-preview:large","max-video-preview":"max-video-preview:-1"},"canonical":"https:\/\/lafermedejeanmetge.fr\/?product=la-fee-rototo","og_locale":"fr_FR","og_type":"article","og_title":"La F\u00e9e Rototo","og_description":"La F\u00e9e Rototo Verveine citronn\u00e9e, camomille romaine, menthe poivr\u00e9e, romarin.","og_url":"https:\/\/lafermedejeanmetge.fr\/?product=la-fee-rototo","og_site_name":"La Ferme de Jeanmetge","article_modified_time":"2025-11-06T15:21:43+00:00","og_image":[{"width":1080,"height":1080,"url":"https:\/\/lafermedejeanmetge.fr\/wp-content\/uploads\/2023\/03\/fee-rototo-tisane.png","type":"image\/png"}],"twitter_card":"summary_large_image","twitter_title":"La F\u00e9e Rototo","twitter_image":"https:\/\/lafermedejeanmetge.fr\/wp-content\/uploads\/2023\/03\/fee-rototo-tisane.png","twitter_misc":{"Dur\u00e9e de lecture estim\u00e9e":"1 minute"},"schema":{"@context":"https:\/\/schema.org","@graph":[{"@type":"WebPage","@id":"https:\/\/lafermedejeanmetge.fr\/?product=la-fee-rototo","url":"https:\/\/lafermedejeanmetge.fr\/?product=la-fee-rototo","name":"La F\u00e9e Rototo - Tisane - Cera Alba","isPartOf":{"@id":"https:\/\/lafermedejeanmetge.fr\/#website"},"primaryImageOfPage":{"@id":"https:\/\/lafermedejeanmetge.fr\/?product=la-fee-rototo#primaryimage"},"image":{"@id":"https:\/\/lafermedejeanmetge.fr\/?product=la-fee-rototo#primaryimage"},"thumbnailUrl":"https:\/\/lafermedejeanmetge.fr\/wp-content\/uploads\/2023\/03\/fee-rototo-tisane.png","datePublished":"2023-03-06T08:55:06+00:00","dateModified":"2025-11-06T15:21:43+00:00","description":"La F\u00e9e Rototo Verveine citronn\u00e9e, camomille romaine, menthe poivr\u00e9e, romarin.","breadcrumb":{"@id":"https:\/\/lafermedejeanmetge.fr\/?product=la-fee-rototo#breadcrumb"},"inLanguage":"fr-FR","potentialAction":[{"@type":"ReadAction","target":["https:\/\/lafermedejeanmetge.fr\/?product=la-fee-rototo"]}]},{"@type":"ImageObject","inLanguage":"fr-FR","@id":"https:\/\/lafermedejeanmetge.fr\/?product=la-fee-rototo#primaryimage","url":"https:\/\/lafermedejeanmetge.fr\/wp-content\/uploads\/2023\/03\/fee-rototo-tisane.png","contentUrl":"https:\/\/lafermedejeanmetge.fr\/wp-content\/uploads\/2023\/03\/fee-rototo-tisane.png","width":1080,"height":1080,"caption":"f\u00e9e rototo tisane cera alba"},{"@type":"BreadcrumbList","@id":"https:\/\/lafermedejeanmetge.fr\/?product=la-fee-rototo#breadcrumb","itemListElement":[{"@type":"ListItem","position":1,"name":"Accueil","item":"https:\/\/lafermedejeanmetge.fr\/"},{"@type":"ListItem","position":2,"name":"Boutique","item":"https:\/\/lafermedejeanmetge.fr\/?page_id=1402"},{"@type":"ListItem","position":3,"name":"La F\u00e9e Rototo"}]},{"@type":"WebSite","@id":"https:\/\/lafermedejeanmetge.fr\/#website","url":"https:\/\/lafermedejeanmetge.fr\/","name":"La Ferme de Jeanmetge","description":"","publisher":{"@id":"https:\/\/lafermedejeanmetge.fr\/#organization"},"potentialAction":[{"@type":"SearchAction","target":{"@type":"EntryPoint","urlTemplate":"https:\/\/lafermedejeanmetge.fr\/?s={search_term_string}"},"query-input":{"@type":"PropertyValueSpecification","valueRequired":true,"valueName":"search_term_string"}}],"inLanguage":"fr-FR"},{"@type":"Organization","@id":"https:\/\/lafermedejeanmetge.fr\/#organization","name":"La Ferme de Jeanmetge","url":"https:\/\/lafermedejeanmetge.fr\/","logo":{"@type":"ImageObject","inLanguage":"fr-FR","@id":"https:\/\/lafermedejeanmetge.fr\/#\/schema\/logo\/image\/","url":"https:\/\/lafermedejeanmetge.fr\/wp-content\/uploads\/2023\/02\/logo-2.png","contentUrl":"https:\/\/lafermedejeanmetge.fr\/wp-content\/uploads\/2023\/02\/logo-2.png","width":2400,"height":676,"caption":"La Ferme de Jeanmetge"},"image":{"@id":"https:\/\/lafermedejeanmetge.fr\/#\/schema\/logo\/image\/"},"sameAs":["https:\/\/www.instagram.com\/ferme_de_jeanmetge\/"]}]}},"jetpack_sharing_enabled":true,"_links":{"self":[{"href":"https:\/\/lafermedejeanmetge.fr\/index.php?rest_route=\/wp\/v2\/product\/1833","targetHints":{"allow":["GET"]}}],"collection":[{"href":"https:\/\/lafermedejeanmetge.fr\/index.php?rest_route=\/wp\/v2\/product"}],"about":[{"href":"https:\/\/lafermedejeanmetge.fr\/index.php?rest_route=\/wp\/v2\/types\/product"}],"replies":[{"embeddable":true,"href":"https:\/\/lafermedejeanmetge.fr\/index.php?rest_route=%2Fwp%2Fv2%2Fcomments&post=1833"}],"wp:featuredmedia":[{"embeddable":true,"href":"https:\/\/lafermedejeanmetge.fr\/index.php?rest_route=\/wp\/v2\/media\/2291"}],"wp:attachment":[{"href":"https:\/\/lafermedejeanmetge.fr\/index.php?rest_route=%2Fwp%2Fv2%2Fmedia&parent=1833"}],"wp:term":[{"taxonomy":"product_brand","embeddable":true,"href":"https:\/\/lafermedejeanmetge.fr\/index.php?rest_route=%2Fwp%2Fv2%2Fproduct_brand&post=1833"},{"taxonomy":"product_cat","embeddable":true,"href":"https:\/\/lafermedejeanmetge.fr\/index.php?rest_route=%2Fwp%2Fv2%2Fproduct_cat&post=1833"},{"taxonomy":"product_tag","embeddable":true,"href":"https:\/\/lafermedejeanmetge.fr\/index.php?rest_route=%2Fwp%2Fv2%2Fproduct_tag&post=1833"}],"curies":[{"name":"wp","href":"https:\/\/api.w.org\/{rel}","templated":true}]}}