{"id":1836,"date":"2023-03-06T09:58:10","date_gmt":"2023-03-06T08:58:10","guid":{"rendered":"https:\/\/lafermedejeanmetge.fr\/?post_type=product&#038;p=1836"},"modified":"2025-04-16T18:33:01","modified_gmt":"2025-04-16T16:33:01","slug":"baume-medicinal-cicatrisant","status":"publish","type":"product","link":"https:\/\/lafermedejeanmetge.fr\/?product=baume-medicinal-cicatrisant","title":{"rendered":"Baume M\u00e9dicinal"},"content":{"rendered":"<p>Baume \u00e0 la consoude (qui reconstruit) et au plantain (qui cicatrise).<\/p>\n<p>Id\u00e9al \u00e0 utiliser sur les bosses, ecchymoses, h\u00e9matomes et en compl\u00e9ment de soin pour les entorses et d&rsquo;autres contusions.<\/p>\n<p>La pr\u00e9sence d&rsquo;huile essentielle d&rsquo;h\u00e9lichryse permet de soulager les zones inflammatoires.<\/p>\n<p>Prendre une noix avec les doigts et bien \u00ab\u00a0chauffer\u00a0\u00bb le baume dans le creux de sa main avant d&rsquo;\u00e9taler sur la zone \u00e0 soulager. A utiliser jusqu&rsquo;\u00e0 disparition des sympt\u00f4mes.<\/p>\n","protected":false},"excerpt":{"rendered":"<p>Baume M\u00e9dicinal parfait pour soulager les sympt\u00f4mes dues aux contusions, entorses et autres blessures.<\/p>\n<p>Soulage les douleurs articulaires en baume de massage.<\/p>\n<p>&nbsp;<\/p>\n","protected":false},"featured_media":2281,"comment_status":"open","ping_status":"closed","template":"","meta":{"site-sidebar-layout":"default","site-content-layout":"default","ast-global-header-display":"","ast-main-header-display":"","ast-hfb-above-header-display":"","ast-hfb-below-header-display":"","ast-hfb-mobile-header-display":"","site-post-title":"","ast-breadcrumbs-content":"","ast-featured-img":"","footer-sml-layout":"","theme-transparent-header-meta":"default","adv-header-id-meta":"","stick-header-meta":"","header-above-stick-meta":"","header-main-stick-meta":"","header-below-stick-meta":""},"product_brand":[56,46,47],"product_cat":[44,34],"product_tag":[54,61,55,59,58,60],"class_list":{"0":"post-1836","1":"product","2":"type-product","3":"status-publish","4":"has-post-thumbnail","6":"product_brand-baumes","7":"product_brand-cera-alba","8":"product_brand-ferme-jeanmetge","9":"product_cat-baumes","10":"product_cat-cosmetiques","11":"product_tag-baume","12":"product_tag-cicatrizant","13":"product_tag-cosmetique","14":"product_tag-helichryse","15":"product_tag-medicinal","16":"product_tag-plantain","17":"desktop-align-center","18":"tablet-align-left","19":"mobile-align-left","21":"first","22":"instock","23":"taxable","24":"shipping-taxable","25":"purchasable","26":"product-type-simple"},"yoast_head":"<!-- This site is optimized with the Yoast SEO plugin v27.5 - https:\/\/yoast.com\/product\/yoast-seo-wordpress\/ -->\n<title>Baume M\u00e9dicinal - Cicatrisant - La Ferme de Jeanmetge<\/title>\n<meta name=\"description\" content=\"Baume M\u00e9dicinal Cicatrisant de Cera Alba produit pour Le Ferme de Jeanmetge\" \/>\n<meta name=\"robots\" content=\"index, follow, max-snippet:-1, max-image-preview:large, max-video-preview:-1\" \/>\n<link rel=\"canonical\" href=\"https:\/\/lafermedejeanmetge.fr\/?product=baume-medicinal-cicatrisant\" \/>\n<meta property=\"og:locale\" content=\"fr_FR\" \/>\n<meta property=\"og:type\" content=\"article\" \/>\n<meta property=\"og:title\" content=\"Baume M\u00e9dicinal Cicatrisant\" \/>\n<meta property=\"og:description\" content=\"Baume M\u00e9dicinal Cicatrisant de Cera Alba produit pour Le Ferme de Jeanmetge\" \/>\n<meta property=\"og:url\" content=\"https:\/\/lafermedejeanmetge.fr\/?product=baume-medicinal-cicatrisant\" \/>\n<meta property=\"og:site_name\" content=\"La Ferme de Jeanmetge\" \/>\n<meta property=\"article:modified_time\" content=\"2025-04-16T16:33:01+00:00\" \/>\n<meta property=\"og:image\" content=\"https:\/\/lafermedejeanmetge.fr\/wp-content\/uploads\/2023\/03\/baume-medicinal-cera-alba.png\" \/>\n\t<meta property=\"og:image:width\" content=\"1080\" \/>\n\t<meta property=\"og:image:height\" content=\"1080\" \/>\n\t<meta property=\"og:image:type\" content=\"image\/png\" \/>\n<meta name=\"twitter:card\" content=\"summary_large_image\" \/>\n<meta name=\"twitter:title\" content=\"Baume M\u00e9dicinal Cicatrisant\" \/>\n<meta name=\"twitter:description\" content=\"Baume M\u00e9dicinal Cicatrisant de Cera Alba produit pour Le Ferme de Jeanmetge\" \/>\n<meta name=\"twitter:image\" content=\"https:\/\/lafermedejeanmetge.fr\/wp-content\/uploads\/2023\/03\/baume-medicinal-cera-alba.png\" \/>\n<meta name=\"twitter:label1\" content=\"Dur\u00e9e de lecture estim\u00e9e\" \/>\n\t<meta name=\"twitter:data1\" content=\"1 minute\" \/>\n<script type=\"application\/ld+json\" class=\"yoast-schema-graph\">{\"@context\":\"https:\\\/\\\/schema.org\",\"@graph\":[{\"@type\":\"WebPage\",\"@id\":\"https:\\\/\\\/lafermedejeanmetge.fr\\\/?product=baume-medicinal-cicatrisant\",\"url\":\"https:\\\/\\\/lafermedejeanmetge.fr\\\/?product=baume-medicinal-cicatrisant\",\"name\":\"Baume M\u00e9dicinal - Cicatrisant - La Ferme de Jeanmetge\",\"isPartOf\":{\"@id\":\"https:\\\/\\\/lafermedejeanmetge.fr\\\/#website\"},\"primaryImageOfPage\":{\"@id\":\"https:\\\/\\\/lafermedejeanmetge.fr\\\/?product=baume-medicinal-cicatrisant#primaryimage\"},\"image\":{\"@id\":\"https:\\\/\\\/lafermedejeanmetge.fr\\\/?product=baume-medicinal-cicatrisant#primaryimage\"},\"thumbnailUrl\":\"https:\\\/\\\/lafermedejeanmetge.fr\\\/wp-content\\\/uploads\\\/2023\\\/03\\\/baume-medicinal.png\",\"datePublished\":\"2023-03-06T08:58:10+00:00\",\"dateModified\":\"2025-04-16T16:33:01+00:00\",\"description\":\"Baume M\u00e9dicinal Cicatrisant de Cera Alba produit pour Le Ferme de Jeanmetge\",\"breadcrumb\":{\"@id\":\"https:\\\/\\\/lafermedejeanmetge.fr\\\/?product=baume-medicinal-cicatrisant#breadcrumb\"},\"inLanguage\":\"fr-FR\",\"potentialAction\":[{\"@type\":\"ReadAction\",\"target\":[\"https:\\\/\\\/lafermedejeanmetge.fr\\\/?product=baume-medicinal-cicatrisant\"]}]},{\"@type\":\"ImageObject\",\"inLanguage\":\"fr-FR\",\"@id\":\"https:\\\/\\\/lafermedejeanmetge.fr\\\/?product=baume-medicinal-cicatrisant#primaryimage\",\"url\":\"https:\\\/\\\/lafermedejeanmetge.fr\\\/wp-content\\\/uploads\\\/2023\\\/03\\\/baume-medicinal.png\",\"contentUrl\":\"https:\\\/\\\/lafermedejeanmetge.fr\\\/wp-content\\\/uploads\\\/2023\\\/03\\\/baume-medicinal.png\",\"width\":1080,\"height\":1080,\"caption\":\"baume me\u0301dicinal\"},{\"@type\":\"BreadcrumbList\",\"@id\":\"https:\\\/\\\/lafermedejeanmetge.fr\\\/?product=baume-medicinal-cicatrisant#breadcrumb\",\"itemListElement\":[{\"@type\":\"ListItem\",\"position\":1,\"name\":\"Accueil\",\"item\":\"https:\\\/\\\/lafermedejeanmetge.fr\\\/\"},{\"@type\":\"ListItem\",\"position\":2,\"name\":\"Boutique\",\"item\":\"https:\\\/\\\/lafermedejeanmetge.fr\\\/?page_id=1402\"},{\"@type\":\"ListItem\",\"position\":3,\"name\":\"Baume M\u00e9dicinal\"}]},{\"@type\":\"WebSite\",\"@id\":\"https:\\\/\\\/lafermedejeanmetge.fr\\\/#website\",\"url\":\"https:\\\/\\\/lafermedejeanmetge.fr\\\/\",\"name\":\"La Ferme de Jeanmetge\",\"description\":\"\",\"publisher\":{\"@id\":\"https:\\\/\\\/lafermedejeanmetge.fr\\\/#organization\"},\"potentialAction\":[{\"@type\":\"SearchAction\",\"target\":{\"@type\":\"EntryPoint\",\"urlTemplate\":\"https:\\\/\\\/lafermedejeanmetge.fr\\\/?s={search_term_string}\"},\"query-input\":{\"@type\":\"PropertyValueSpecification\",\"valueRequired\":true,\"valueName\":\"search_term_string\"}}],\"inLanguage\":\"fr-FR\"},{\"@type\":\"Organization\",\"@id\":\"https:\\\/\\\/lafermedejeanmetge.fr\\\/#organization\",\"name\":\"La Ferme de Jeanmetge\",\"url\":\"https:\\\/\\\/lafermedejeanmetge.fr\\\/\",\"logo\":{\"@type\":\"ImageObject\",\"inLanguage\":\"fr-FR\",\"@id\":\"https:\\\/\\\/lafermedejeanmetge.fr\\\/#\\\/schema\\\/logo\\\/image\\\/\",\"url\":\"https:\\\/\\\/lafermedejeanmetge.fr\\\/wp-content\\\/uploads\\\/2023\\\/02\\\/logo-2.png\",\"contentUrl\":\"https:\\\/\\\/lafermedejeanmetge.fr\\\/wp-content\\\/uploads\\\/2023\\\/02\\\/logo-2.png\",\"width\":2400,\"height\":676,\"caption\":\"La Ferme de Jeanmetge\"},\"image\":{\"@id\":\"https:\\\/\\\/lafermedejeanmetge.fr\\\/#\\\/schema\\\/logo\\\/image\\\/\"},\"sameAs\":[\"https:\\\/\\\/www.instagram.com\\\/ferme_de_jeanmetge\\\/\"]}]}<\/script>\n<!-- \/ Yoast SEO plugin. -->","yoast_head_json":{"title":"Baume M\u00e9dicinal - Cicatrisant - La Ferme de Jeanmetge","description":"Baume M\u00e9dicinal Cicatrisant de Cera Alba produit pour Le Ferme de Jeanmetge","robots":{"index":"index","follow":"follow","max-snippet":"max-snippet:-1","max-image-preview":"max-image-preview:large","max-video-preview":"max-video-preview:-1"},"canonical":"https:\/\/lafermedejeanmetge.fr\/?product=baume-medicinal-cicatrisant","og_locale":"fr_FR","og_type":"article","og_title":"Baume M\u00e9dicinal Cicatrisant","og_description":"Baume M\u00e9dicinal Cicatrisant de Cera Alba produit pour Le Ferme de Jeanmetge","og_url":"https:\/\/lafermedejeanmetge.fr\/?product=baume-medicinal-cicatrisant","og_site_name":"La Ferme de Jeanmetge","article_modified_time":"2025-04-16T16:33:01+00:00","og_image":[{"width":1080,"height":1080,"url":"https:\/\/lafermedejeanmetge.fr\/wp-content\/uploads\/2023\/03\/baume-medicinal-cera-alba.png","type":"image\/png"}],"twitter_card":"summary_large_image","twitter_title":"Baume M\u00e9dicinal Cicatrisant","twitter_description":"Baume M\u00e9dicinal Cicatrisant de Cera Alba produit pour Le Ferme de Jeanmetge","twitter_image":"https:\/\/lafermedejeanmetge.fr\/wp-content\/uploads\/2023\/03\/baume-medicinal-cera-alba.png","twitter_misc":{"Dur\u00e9e de lecture estim\u00e9e":"1 minute"},"schema":{"@context":"https:\/\/schema.org","@graph":[{"@type":"WebPage","@id":"https:\/\/lafermedejeanmetge.fr\/?product=baume-medicinal-cicatrisant","url":"https:\/\/lafermedejeanmetge.fr\/?product=baume-medicinal-cicatrisant","name":"Baume M\u00e9dicinal - Cicatrisant - La Ferme de Jeanmetge","isPartOf":{"@id":"https:\/\/lafermedejeanmetge.fr\/#website"},"primaryImageOfPage":{"@id":"https:\/\/lafermedejeanmetge.fr\/?product=baume-medicinal-cicatrisant#primaryimage"},"image":{"@id":"https:\/\/lafermedejeanmetge.fr\/?product=baume-medicinal-cicatrisant#primaryimage"},"thumbnailUrl":"https:\/\/lafermedejeanmetge.fr\/wp-content\/uploads\/2023\/03\/baume-medicinal.png","datePublished":"2023-03-06T08:58:10+00:00","dateModified":"2025-04-16T16:33:01+00:00","description":"Baume M\u00e9dicinal Cicatrisant de Cera Alba produit pour Le Ferme de Jeanmetge","breadcrumb":{"@id":"https:\/\/lafermedejeanmetge.fr\/?product=baume-medicinal-cicatrisant#breadcrumb"},"inLanguage":"fr-FR","potentialAction":[{"@type":"ReadAction","target":["https:\/\/lafermedejeanmetge.fr\/?product=baume-medicinal-cicatrisant"]}]},{"@type":"ImageObject","inLanguage":"fr-FR","@id":"https:\/\/lafermedejeanmetge.fr\/?product=baume-medicinal-cicatrisant#primaryimage","url":"https:\/\/lafermedejeanmetge.fr\/wp-content\/uploads\/2023\/03\/baume-medicinal.png","contentUrl":"https:\/\/lafermedejeanmetge.fr\/wp-content\/uploads\/2023\/03\/baume-medicinal.png","width":1080,"height":1080,"caption":"baume me\u0301dicinal"},{"@type":"BreadcrumbList","@id":"https:\/\/lafermedejeanmetge.fr\/?product=baume-medicinal-cicatrisant#breadcrumb","itemListElement":[{"@type":"ListItem","position":1,"name":"Accueil","item":"https:\/\/lafermedejeanmetge.fr\/"},{"@type":"ListItem","position":2,"name":"Boutique","item":"https:\/\/lafermedejeanmetge.fr\/?page_id=1402"},{"@type":"ListItem","position":3,"name":"Baume M\u00e9dicinal"}]},{"@type":"WebSite","@id":"https:\/\/lafermedejeanmetge.fr\/#website","url":"https:\/\/lafermedejeanmetge.fr\/","name":"La Ferme de Jeanmetge","description":"","publisher":{"@id":"https:\/\/lafermedejeanmetge.fr\/#organization"},"potentialAction":[{"@type":"SearchAction","target":{"@type":"EntryPoint","urlTemplate":"https:\/\/lafermedejeanmetge.fr\/?s={search_term_string}"},"query-input":{"@type":"PropertyValueSpecification","valueRequired":true,"valueName":"search_term_string"}}],"inLanguage":"fr-FR"},{"@type":"Organization","@id":"https:\/\/lafermedejeanmetge.fr\/#organization","name":"La Ferme de Jeanmetge","url":"https:\/\/lafermedejeanmetge.fr\/","logo":{"@type":"ImageObject","inLanguage":"fr-FR","@id":"https:\/\/lafermedejeanmetge.fr\/#\/schema\/logo\/image\/","url":"https:\/\/lafermedejeanmetge.fr\/wp-content\/uploads\/2023\/02\/logo-2.png","contentUrl":"https:\/\/lafermedejeanmetge.fr\/wp-content\/uploads\/2023\/02\/logo-2.png","width":2400,"height":676,"caption":"La Ferme de Jeanmetge"},"image":{"@id":"https:\/\/lafermedejeanmetge.fr\/#\/schema\/logo\/image\/"},"sameAs":["https:\/\/www.instagram.com\/ferme_de_jeanmetge\/"]}]}},"jetpack_sharing_enabled":true,"_links":{"self":[{"href":"https:\/\/lafermedejeanmetge.fr\/index.php?rest_route=\/wp\/v2\/product\/1836","targetHints":{"allow":["GET"]}}],"collection":[{"href":"https:\/\/lafermedejeanmetge.fr\/index.php?rest_route=\/wp\/v2\/product"}],"about":[{"href":"https:\/\/lafermedejeanmetge.fr\/index.php?rest_route=\/wp\/v2\/types\/product"}],"replies":[{"embeddable":true,"href":"https:\/\/lafermedejeanmetge.fr\/index.php?rest_route=%2Fwp%2Fv2%2Fcomments&post=1836"}],"wp:featuredmedia":[{"embeddable":true,"href":"https:\/\/lafermedejeanmetge.fr\/index.php?rest_route=\/wp\/v2\/media\/2281"}],"wp:attachment":[{"href":"https:\/\/lafermedejeanmetge.fr\/index.php?rest_route=%2Fwp%2Fv2%2Fmedia&parent=1836"}],"wp:term":[{"taxonomy":"product_brand","embeddable":true,"href":"https:\/\/lafermedejeanmetge.fr\/index.php?rest_route=%2Fwp%2Fv2%2Fproduct_brand&post=1836"},{"taxonomy":"product_cat","embeddable":true,"href":"https:\/\/lafermedejeanmetge.fr\/index.php?rest_route=%2Fwp%2Fv2%2Fproduct_cat&post=1836"},{"taxonomy":"product_tag","embeddable":true,"href":"https:\/\/lafermedejeanmetge.fr\/index.php?rest_route=%2Fwp%2Fv2%2Fproduct_tag&post=1836"}],"curies":[{"name":"wp","href":"https:\/\/api.w.org\/{rel}","templated":true}]}}