{"id":2199,"date":"2023-11-22T19:26:15","date_gmt":"2023-11-22T18:26:15","guid":{"rendered":"https:\/\/lafermedejeanmetge.fr\/?post_type=product&#038;p=2199"},"modified":"2026-03-28T18:21:37","modified_gmt":"2026-03-28T17:21:37","slug":"baume-precieux","status":"publish","type":"product","link":"https:\/\/lafermedejeanmetge.fr\/?product=baume-precieux","title":{"rendered":"Baume Pr\u00e9cieux"},"content":{"rendered":"<p>Le baume Pr\u00e9cieux est hydratant, r\u00e9parateur. Il est parfait pour lutter contre les s\u00e9cheresses cutan\u00e9es dues au froid par exemple au niveau des mains, des l\u00e8vres, des jambes, les pieds &#8230; peut \u00eatre aussi utilis\u00e9 chez les personnes les plus fragiles notamment les b\u00e9b\u00e9s.<\/p>\n<p>Ce baume est sans huile essentielle et il est compos\u00e9 de mac\u00e9r\u00e2t huileux de calendula et de cire d&rsquo;abeille*, de propolis* et de miel*. Pour plus de douceur, il est enrichi d&rsquo;huile d&rsquo;amande douce.<\/p>\n<p>*issus de l&rsquo;agriculture biologique et produits \u00e0 partir du rucher de notre ferme.<\/p>\n<h3><a href=\"https:\/\/lafermedejeanmetge.fr\/?post_type=product\">RETOURNER \u00c0 LA BOUTIQUE<\/a><\/h3>\n","protected":false},"excerpt":{"rendered":"<p>Le baume Pr\u00e9cieux peut \u00eatre utilis\u00e9 au quotidien sur les l\u00e8vres, le visage et le corps, soulage les peaux tr\u00e8s s\u00e8ches et ab\u00eem\u00e9es.<\/p>\n","protected":false},"featured_media":2274,"comment_status":"open","ping_status":"closed","template":"","meta":{"site-sidebar-layout":"default","site-content-layout":"default","ast-global-header-display":"","ast-main-header-display":"","ast-hfb-above-header-display":"","ast-hfb-below-header-display":"","ast-hfb-mobile-header-display":"","site-post-title":"","ast-breadcrumbs-content":"","ast-featured-img":"","footer-sml-layout":"","theme-transparent-header-meta":"default","adv-header-id-meta":"","stick-header-meta":"","header-above-stick-meta":"","header-main-stick-meta":"","header-below-stick-meta":""},"product_brand":[56,46,47],"product_cat":[44,34],"product_tag":[54,55,57],"class_list":{"0":"post-2199","1":"product","2":"type-product","3":"status-publish","4":"has-post-thumbnail","6":"product_brand-baumes","7":"product_brand-cera-alba","8":"product_brand-ferme-jeanmetge","9":"product_cat-baumes","10":"product_cat-cosmetiques","11":"product_tag-baume","12":"product_tag-cosmetique","13":"product_tag-reparateur","14":"desktop-align-center","15":"tablet-align-left","16":"mobile-align-left","18":"first","19":"instock","20":"taxable","21":"shipping-taxable","22":"purchasable","23":"product-type-simple"},"yoast_head":"<!-- This site is optimized with the Yoast SEO plugin v27.4 - https:\/\/yoast.com\/product\/yoast-seo-wordpress\/ -->\n<title>Baume Pr\u00e9cieux - R\u00e9parateur - Cera Alba<\/title>\n<meta name=\"description\" content=\"Le baume pr\u00e9cieux r\u00e9parateur est le meilleur alli\u00e9 contre les s\u00e9cheresses cutan\u00e9es dues au froid pour les mains, les l\u00e8vres et les jambes.\" \/>\n<meta name=\"robots\" content=\"index, follow, max-snippet:-1, max-image-preview:large, max-video-preview:-1\" \/>\n<link rel=\"canonical\" href=\"https:\/\/lafermedejeanmetge.fr\/?product=baume-precieux\" \/>\n<meta property=\"og:locale\" content=\"fr_FR\" \/>\n<meta property=\"og:type\" content=\"article\" \/>\n<meta property=\"og:title\" content=\"Le baume pr\u00e9cieux de la Ferme de Jeanmetge\" \/>\n<meta property=\"og:description\" content=\"Le baume pr\u00e9cieux de la Ferme de Jeanmetge est le meilleur alli\u00e9 contre les s\u00e9cheresses cutan\u00e9es dues au froid pour les mains, les l\u00e8vres et les jambes... Ce baume est sans huile essentielle. Le plus neutre possible pour l&#039;utilisation du plus grand nombre.\" \/>\n<meta property=\"og:url\" content=\"https:\/\/lafermedejeanmetge.fr\/?product=baume-precieux\" \/>\n<meta property=\"og:site_name\" content=\"La Ferme de Jeanmetge\" \/>\n<meta property=\"article:modified_time\" content=\"2026-03-28T17:21:37+00:00\" \/>\n<meta property=\"og:image\" content=\"https:\/\/lafermedejeanmetge.fr\/wp-content\/uploads\/2023\/03\/DSC_1061-scaled.jpg\" \/>\n\t<meta property=\"og:image:width\" content=\"2560\" \/>\n\t<meta property=\"og:image:height\" content=\"1707\" \/>\n\t<meta property=\"og:image:type\" content=\"image\/jpeg\" \/>\n<meta name=\"twitter:card\" content=\"summary_large_image\" \/>\n<meta name=\"twitter:label1\" content=\"Dur\u00e9e de lecture estim\u00e9e\" \/>\n\t<meta name=\"twitter:data1\" content=\"1 minute\" \/>\n<script type=\"application\/ld+json\" class=\"yoast-schema-graph\">{\"@context\":\"https:\\\/\\\/schema.org\",\"@graph\":[{\"@type\":\"WebPage\",\"@id\":\"https:\\\/\\\/lafermedejeanmetge.fr\\\/?product=baume-precieux\",\"url\":\"https:\\\/\\\/lafermedejeanmetge.fr\\\/?product=baume-precieux\",\"name\":\"Baume Pr\u00e9cieux - R\u00e9parateur - Cera Alba\",\"isPartOf\":{\"@id\":\"https:\\\/\\\/lafermedejeanmetge.fr\\\/#website\"},\"primaryImageOfPage\":{\"@id\":\"https:\\\/\\\/lafermedejeanmetge.fr\\\/?product=baume-precieux#primaryimage\"},\"image\":{\"@id\":\"https:\\\/\\\/lafermedejeanmetge.fr\\\/?product=baume-precieux#primaryimage\"},\"thumbnailUrl\":\"https:\\\/\\\/lafermedejeanmetge.fr\\\/wp-content\\\/uploads\\\/2023\\\/11\\\/baume-reparateur-cera-alba-1.png\",\"datePublished\":\"2023-11-22T18:26:15+00:00\",\"dateModified\":\"2026-03-28T17:21:37+00:00\",\"description\":\"Le baume pr\u00e9cieux r\u00e9parateur est le meilleur alli\u00e9 contre les s\u00e9cheresses cutan\u00e9es dues au froid pour les mains, les l\u00e8vres et les jambes.\",\"breadcrumb\":{\"@id\":\"https:\\\/\\\/lafermedejeanmetge.fr\\\/?product=baume-precieux#breadcrumb\"},\"inLanguage\":\"fr-FR\",\"potentialAction\":[{\"@type\":\"ReadAction\",\"target\":[\"https:\\\/\\\/lafermedejeanmetge.fr\\\/?product=baume-precieux\"]}]},{\"@type\":\"ImageObject\",\"inLanguage\":\"fr-FR\",\"@id\":\"https:\\\/\\\/lafermedejeanmetge.fr\\\/?product=baume-precieux#primaryimage\",\"url\":\"https:\\\/\\\/lafermedejeanmetge.fr\\\/wp-content\\\/uploads\\\/2023\\\/11\\\/baume-reparateur-cera-alba-1.png\",\"contentUrl\":\"https:\\\/\\\/lafermedejeanmetge.fr\\\/wp-content\\\/uploads\\\/2023\\\/11\\\/baume-reparateur-cera-alba-1.png\",\"width\":1080,\"height\":1080,\"caption\":\"baume pr\u00e9cieux r\u00e9parateur cera alba\"},{\"@type\":\"BreadcrumbList\",\"@id\":\"https:\\\/\\\/lafermedejeanmetge.fr\\\/?product=baume-precieux#breadcrumb\",\"itemListElement\":[{\"@type\":\"ListItem\",\"position\":1,\"name\":\"Accueil\",\"item\":\"https:\\\/\\\/lafermedejeanmetge.fr\\\/\"},{\"@type\":\"ListItem\",\"position\":2,\"name\":\"Boutique\",\"item\":\"https:\\\/\\\/lafermedejeanmetge.fr\\\/?page_id=1402\"},{\"@type\":\"ListItem\",\"position\":3,\"name\":\"Baume Pr\u00e9cieux\"}]},{\"@type\":\"WebSite\",\"@id\":\"https:\\\/\\\/lafermedejeanmetge.fr\\\/#website\",\"url\":\"https:\\\/\\\/lafermedejeanmetge.fr\\\/\",\"name\":\"La Ferme de Jeanmetge\",\"description\":\"\",\"publisher\":{\"@id\":\"https:\\\/\\\/lafermedejeanmetge.fr\\\/#organization\"},\"potentialAction\":[{\"@type\":\"SearchAction\",\"target\":{\"@type\":\"EntryPoint\",\"urlTemplate\":\"https:\\\/\\\/lafermedejeanmetge.fr\\\/?s={search_term_string}\"},\"query-input\":{\"@type\":\"PropertyValueSpecification\",\"valueRequired\":true,\"valueName\":\"search_term_string\"}}],\"inLanguage\":\"fr-FR\"},{\"@type\":\"Organization\",\"@id\":\"https:\\\/\\\/lafermedejeanmetge.fr\\\/#organization\",\"name\":\"La Ferme de Jeanmetge\",\"url\":\"https:\\\/\\\/lafermedejeanmetge.fr\\\/\",\"logo\":{\"@type\":\"ImageObject\",\"inLanguage\":\"fr-FR\",\"@id\":\"https:\\\/\\\/lafermedejeanmetge.fr\\\/#\\\/schema\\\/logo\\\/image\\\/\",\"url\":\"https:\\\/\\\/lafermedejeanmetge.fr\\\/wp-content\\\/uploads\\\/2023\\\/02\\\/logo-2.png\",\"contentUrl\":\"https:\\\/\\\/lafermedejeanmetge.fr\\\/wp-content\\\/uploads\\\/2023\\\/02\\\/logo-2.png\",\"width\":2400,\"height\":676,\"caption\":\"La Ferme de Jeanmetge\"},\"image\":{\"@id\":\"https:\\\/\\\/lafermedejeanmetge.fr\\\/#\\\/schema\\\/logo\\\/image\\\/\"},\"sameAs\":[\"https:\\\/\\\/www.instagram.com\\\/ferme_de_jeanmetge\\\/\"]}]}<\/script>\n<!-- \/ Yoast SEO plugin. -->","yoast_head_json":{"title":"Baume Pr\u00e9cieux - R\u00e9parateur - Cera Alba","description":"Le baume pr\u00e9cieux r\u00e9parateur est le meilleur alli\u00e9 contre les s\u00e9cheresses cutan\u00e9es dues au froid pour les mains, les l\u00e8vres et les jambes.","robots":{"index":"index","follow":"follow","max-snippet":"max-snippet:-1","max-image-preview":"max-image-preview:large","max-video-preview":"max-video-preview:-1"},"canonical":"https:\/\/lafermedejeanmetge.fr\/?product=baume-precieux","og_locale":"fr_FR","og_type":"article","og_title":"Le baume pr\u00e9cieux de la Ferme de Jeanmetge","og_description":"Le baume pr\u00e9cieux de la Ferme de Jeanmetge est le meilleur alli\u00e9 contre les s\u00e9cheresses cutan\u00e9es dues au froid pour les mains, les l\u00e8vres et les jambes... Ce baume est sans huile essentielle. Le plus neutre possible pour l'utilisation du plus grand nombre.","og_url":"https:\/\/lafermedejeanmetge.fr\/?product=baume-precieux","og_site_name":"La Ferme de Jeanmetge","article_modified_time":"2026-03-28T17:21:37+00:00","og_image":[{"width":2560,"height":1707,"url":"https:\/\/lafermedejeanmetge.fr\/wp-content\/uploads\/2023\/03\/DSC_1061-scaled.jpg","type":"image\/jpeg"}],"twitter_card":"summary_large_image","twitter_misc":{"Dur\u00e9e de lecture estim\u00e9e":"1 minute"},"schema":{"@context":"https:\/\/schema.org","@graph":[{"@type":"WebPage","@id":"https:\/\/lafermedejeanmetge.fr\/?product=baume-precieux","url":"https:\/\/lafermedejeanmetge.fr\/?product=baume-precieux","name":"Baume Pr\u00e9cieux - R\u00e9parateur - Cera Alba","isPartOf":{"@id":"https:\/\/lafermedejeanmetge.fr\/#website"},"primaryImageOfPage":{"@id":"https:\/\/lafermedejeanmetge.fr\/?product=baume-precieux#primaryimage"},"image":{"@id":"https:\/\/lafermedejeanmetge.fr\/?product=baume-precieux#primaryimage"},"thumbnailUrl":"https:\/\/lafermedejeanmetge.fr\/wp-content\/uploads\/2023\/11\/baume-reparateur-cera-alba-1.png","datePublished":"2023-11-22T18:26:15+00:00","dateModified":"2026-03-28T17:21:37+00:00","description":"Le baume pr\u00e9cieux r\u00e9parateur est le meilleur alli\u00e9 contre les s\u00e9cheresses cutan\u00e9es dues au froid pour les mains, les l\u00e8vres et les jambes.","breadcrumb":{"@id":"https:\/\/lafermedejeanmetge.fr\/?product=baume-precieux#breadcrumb"},"inLanguage":"fr-FR","potentialAction":[{"@type":"ReadAction","target":["https:\/\/lafermedejeanmetge.fr\/?product=baume-precieux"]}]},{"@type":"ImageObject","inLanguage":"fr-FR","@id":"https:\/\/lafermedejeanmetge.fr\/?product=baume-precieux#primaryimage","url":"https:\/\/lafermedejeanmetge.fr\/wp-content\/uploads\/2023\/11\/baume-reparateur-cera-alba-1.png","contentUrl":"https:\/\/lafermedejeanmetge.fr\/wp-content\/uploads\/2023\/11\/baume-reparateur-cera-alba-1.png","width":1080,"height":1080,"caption":"baume pr\u00e9cieux r\u00e9parateur cera alba"},{"@type":"BreadcrumbList","@id":"https:\/\/lafermedejeanmetge.fr\/?product=baume-precieux#breadcrumb","itemListElement":[{"@type":"ListItem","position":1,"name":"Accueil","item":"https:\/\/lafermedejeanmetge.fr\/"},{"@type":"ListItem","position":2,"name":"Boutique","item":"https:\/\/lafermedejeanmetge.fr\/?page_id=1402"},{"@type":"ListItem","position":3,"name":"Baume Pr\u00e9cieux"}]},{"@type":"WebSite","@id":"https:\/\/lafermedejeanmetge.fr\/#website","url":"https:\/\/lafermedejeanmetge.fr\/","name":"La Ferme de Jeanmetge","description":"","publisher":{"@id":"https:\/\/lafermedejeanmetge.fr\/#organization"},"potentialAction":[{"@type":"SearchAction","target":{"@type":"EntryPoint","urlTemplate":"https:\/\/lafermedejeanmetge.fr\/?s={search_term_string}"},"query-input":{"@type":"PropertyValueSpecification","valueRequired":true,"valueName":"search_term_string"}}],"inLanguage":"fr-FR"},{"@type":"Organization","@id":"https:\/\/lafermedejeanmetge.fr\/#organization","name":"La Ferme de Jeanmetge","url":"https:\/\/lafermedejeanmetge.fr\/","logo":{"@type":"ImageObject","inLanguage":"fr-FR","@id":"https:\/\/lafermedejeanmetge.fr\/#\/schema\/logo\/image\/","url":"https:\/\/lafermedejeanmetge.fr\/wp-content\/uploads\/2023\/02\/logo-2.png","contentUrl":"https:\/\/lafermedejeanmetge.fr\/wp-content\/uploads\/2023\/02\/logo-2.png","width":2400,"height":676,"caption":"La Ferme de Jeanmetge"},"image":{"@id":"https:\/\/lafermedejeanmetge.fr\/#\/schema\/logo\/image\/"},"sameAs":["https:\/\/www.instagram.com\/ferme_de_jeanmetge\/"]}]}},"jetpack_sharing_enabled":true,"_links":{"self":[{"href":"https:\/\/lafermedejeanmetge.fr\/index.php?rest_route=\/wp\/v2\/product\/2199","targetHints":{"allow":["GET"]}}],"collection":[{"href":"https:\/\/lafermedejeanmetge.fr\/index.php?rest_route=\/wp\/v2\/product"}],"about":[{"href":"https:\/\/lafermedejeanmetge.fr\/index.php?rest_route=\/wp\/v2\/types\/product"}],"replies":[{"embeddable":true,"href":"https:\/\/lafermedejeanmetge.fr\/index.php?rest_route=%2Fwp%2Fv2%2Fcomments&post=2199"}],"wp:featuredmedia":[{"embeddable":true,"href":"https:\/\/lafermedejeanmetge.fr\/index.php?rest_route=\/wp\/v2\/media\/2274"}],"wp:attachment":[{"href":"https:\/\/lafermedejeanmetge.fr\/index.php?rest_route=%2Fwp%2Fv2%2Fmedia&parent=2199"}],"wp:term":[{"taxonomy":"product_brand","embeddable":true,"href":"https:\/\/lafermedejeanmetge.fr\/index.php?rest_route=%2Fwp%2Fv2%2Fproduct_brand&post=2199"},{"taxonomy":"product_cat","embeddable":true,"href":"https:\/\/lafermedejeanmetge.fr\/index.php?rest_route=%2Fwp%2Fv2%2Fproduct_cat&post=2199"},{"taxonomy":"product_tag","embeddable":true,"href":"https:\/\/lafermedejeanmetge.fr\/index.php?rest_route=%2Fwp%2Fv2%2Fproduct_tag&post=2199"}],"curies":[{"name":"wp","href":"https:\/\/api.w.org\/{rel}","templated":true}]}}