{"id":2282,"date":"2025-02-04T12:20:07","date_gmt":"2025-02-04T11:20:07","guid":{"rendered":"https:\/\/lafermedejeanmetge.fr\/?post_type=product&#038;p=2282"},"modified":"2025-04-16T18:32:36","modified_gmt":"2025-04-16T16:32:36","slug":"baume-belle-mine","status":"publish","type":"product","link":"https:\/\/lafermedejeanmetge.fr\/?product=baume-belle-mine","title":{"rendered":"Baume Belle Mine"},"content":{"rendered":"<p>Baume \u00e0 base de mac\u00e9r\u00e2t huileux de g\u00e9ranium rosat et de rose de Damas.<\/p>\n<p>Enrichi en huile essentielle de g\u00e9ranium rosat et d&rsquo;absolu de rose, ce baume hydratant a un pouvoir anti-rougeur, anti-rides, id\u00e9al pour les peaux r\u00e9actives .<\/p>\n<p>Enrichi en huile de chanvre connue pour ses vertus r\u00e9g\u00e9n\u00e9rantes et antioxydantes, ce baume sera votre alli\u00e9 au quotidien pour avoir une \u00ab\u00a0Belle Mine\u00a0\u00bb!<\/p>\n","protected":false},"excerpt":{"rendered":"<p>Baume hydratant id\u00e9al pour les peaux matures et r\u00e9actives.<\/p>\n<p>&nbsp;<\/p>\n","protected":false},"featured_media":2287,"comment_status":"open","ping_status":"closed","template":"","meta":{"site-sidebar-layout":"default","site-content-layout":"default","ast-global-header-display":"","ast-main-header-display":"","ast-hfb-above-header-display":"","ast-hfb-below-header-display":"","ast-hfb-mobile-header-display":"","site-post-title":"","ast-breadcrumbs-content":"","ast-featured-img":"","footer-sml-layout":"","theme-transparent-header-meta":"default","adv-header-id-meta":"","stick-header-meta":"","header-above-stick-meta":"","header-main-stick-meta":"","header-below-stick-meta":""},"product_brand":[56,46,47],"product_cat":[44,34],"product_tag":[54,55,63,62,52],"class_list":{"0":"post-2282","1":"product","2":"type-product","3":"status-publish","4":"has-post-thumbnail","6":"product_brand-baumes","7":"product_brand-cera-alba","8":"product_brand-ferme-jeanmetge","9":"product_cat-baumes","10":"product_cat-cosmetiques","11":"product_tag-baume","12":"product_tag-cosmetique","13":"product_tag-geranium","14":"product_tag-hydratant","15":"product_tag-rose","16":"desktop-align-center","17":"tablet-align-left","18":"mobile-align-left","20":"first","21":"instock","22":"taxable","23":"shipping-taxable","24":"purchasable","25":"product-type-simple"},"yoast_head":"<!-- This site is optimized with the Yoast SEO plugin v27.5 - https:\/\/yoast.com\/product\/yoast-seo-wordpress\/ -->\n<title>Baume Belle Mine - Hydratant - Cera Alba<\/title>\n<meta name=\"description\" content=\"Baume Belle Mine de Cera Alba produit pour Le Ferme de Jeanmetge.\" \/>\n<meta name=\"robots\" content=\"index, follow, max-snippet:-1, max-image-preview:large, max-video-preview:-1\" \/>\n<link rel=\"canonical\" href=\"https:\/\/lafermedejeanmetge.fr\/?product=baume-belle-mine\" \/>\n<meta property=\"og:locale\" content=\"fr_FR\" \/>\n<meta property=\"og:type\" content=\"article\" \/>\n<meta property=\"og:title\" content=\"Baume Belle Mine Hydratant\" \/>\n<meta property=\"og:description\" content=\"Baume Belle Mine Hydratant\" \/>\n<meta property=\"og:url\" content=\"https:\/\/lafermedejeanmetge.fr\/?product=baume-belle-mine\" \/>\n<meta property=\"og:site_name\" content=\"La Ferme de Jeanmetge\" \/>\n<meta property=\"article:modified_time\" content=\"2025-04-16T16:32:36+00:00\" \/>\n<meta property=\"og:image\" content=\"https:\/\/lafermedejeanmetge.fr\/wp-content\/uploads\/2025\/02\/baume-hydratant-cera-alba.png\" \/>\n\t<meta property=\"og:image:width\" content=\"1080\" \/>\n\t<meta property=\"og:image:height\" content=\"1080\" \/>\n\t<meta property=\"og:image:type\" content=\"image\/png\" \/>\n<meta name=\"twitter:card\" content=\"summary_large_image\" \/>\n<meta name=\"twitter:title\" content=\"Baume Belle Mine Hydratant\" \/>\n<meta name=\"twitter:description\" content=\"Baume Belle Mine Hydratant\" \/>\n<meta name=\"twitter:image\" content=\"https:\/\/lafermedejeanmetge.fr\/wp-content\/uploads\/2025\/02\/baume-hydratant-cera-alba.png\" \/>\n<meta name=\"twitter:label1\" content=\"Dur\u00e9e de lecture estim\u00e9e\" \/>\n\t<meta name=\"twitter:data1\" content=\"1 minute\" \/>\n<script type=\"application\/ld+json\" class=\"yoast-schema-graph\">{\"@context\":\"https:\\\/\\\/schema.org\",\"@graph\":[{\"@type\":\"WebPage\",\"@id\":\"https:\\\/\\\/lafermedejeanmetge.fr\\\/?product=baume-belle-mine\",\"url\":\"https:\\\/\\\/lafermedejeanmetge.fr\\\/?product=baume-belle-mine\",\"name\":\"Baume Belle Mine - Hydratant - Cera Alba\",\"isPartOf\":{\"@id\":\"https:\\\/\\\/lafermedejeanmetge.fr\\\/#website\"},\"primaryImageOfPage\":{\"@id\":\"https:\\\/\\\/lafermedejeanmetge.fr\\\/?product=baume-belle-mine#primaryimage\"},\"image\":{\"@id\":\"https:\\\/\\\/lafermedejeanmetge.fr\\\/?product=baume-belle-mine#primaryimage\"},\"thumbnailUrl\":\"https:\\\/\\\/lafermedejeanmetge.fr\\\/wp-content\\\/uploads\\\/2025\\\/02\\\/baume-hydratant-cera-alba.png\",\"datePublished\":\"2025-02-04T11:20:07+00:00\",\"dateModified\":\"2025-04-16T16:32:36+00:00\",\"description\":\"Baume Belle Mine de Cera Alba produit pour Le Ferme de Jeanmetge.\",\"breadcrumb\":{\"@id\":\"https:\\\/\\\/lafermedejeanmetge.fr\\\/?product=baume-belle-mine#breadcrumb\"},\"inLanguage\":\"fr-FR\",\"potentialAction\":[{\"@type\":\"ReadAction\",\"target\":[\"https:\\\/\\\/lafermedejeanmetge.fr\\\/?product=baume-belle-mine\"]}]},{\"@type\":\"ImageObject\",\"inLanguage\":\"fr-FR\",\"@id\":\"https:\\\/\\\/lafermedejeanmetge.fr\\\/?product=baume-belle-mine#primaryimage\",\"url\":\"https:\\\/\\\/lafermedejeanmetge.fr\\\/wp-content\\\/uploads\\\/2025\\\/02\\\/baume-hydratant-cera-alba.png\",\"contentUrl\":\"https:\\\/\\\/lafermedejeanmetge.fr\\\/wp-content\\\/uploads\\\/2025\\\/02\\\/baume-hydratant-cera-alba.png\",\"width\":1080,\"height\":1080,\"caption\":\"baume belle mine hydratant cera alba\"},{\"@type\":\"BreadcrumbList\",\"@id\":\"https:\\\/\\\/lafermedejeanmetge.fr\\\/?product=baume-belle-mine#breadcrumb\",\"itemListElement\":[{\"@type\":\"ListItem\",\"position\":1,\"name\":\"Accueil\",\"item\":\"https:\\\/\\\/lafermedejeanmetge.fr\\\/\"},{\"@type\":\"ListItem\",\"position\":2,\"name\":\"Boutique\",\"item\":\"https:\\\/\\\/lafermedejeanmetge.fr\\\/?page_id=1402\"},{\"@type\":\"ListItem\",\"position\":3,\"name\":\"Baume Belle Mine\"}]},{\"@type\":\"WebSite\",\"@id\":\"https:\\\/\\\/lafermedejeanmetge.fr\\\/#website\",\"url\":\"https:\\\/\\\/lafermedejeanmetge.fr\\\/\",\"name\":\"La Ferme de Jeanmetge\",\"description\":\"\",\"publisher\":{\"@id\":\"https:\\\/\\\/lafermedejeanmetge.fr\\\/#organization\"},\"potentialAction\":[{\"@type\":\"SearchAction\",\"target\":{\"@type\":\"EntryPoint\",\"urlTemplate\":\"https:\\\/\\\/lafermedejeanmetge.fr\\\/?s={search_term_string}\"},\"query-input\":{\"@type\":\"PropertyValueSpecification\",\"valueRequired\":true,\"valueName\":\"search_term_string\"}}],\"inLanguage\":\"fr-FR\"},{\"@type\":\"Organization\",\"@id\":\"https:\\\/\\\/lafermedejeanmetge.fr\\\/#organization\",\"name\":\"La Ferme de Jeanmetge\",\"url\":\"https:\\\/\\\/lafermedejeanmetge.fr\\\/\",\"logo\":{\"@type\":\"ImageObject\",\"inLanguage\":\"fr-FR\",\"@id\":\"https:\\\/\\\/lafermedejeanmetge.fr\\\/#\\\/schema\\\/logo\\\/image\\\/\",\"url\":\"https:\\\/\\\/lafermedejeanmetge.fr\\\/wp-content\\\/uploads\\\/2023\\\/02\\\/logo-2.png\",\"contentUrl\":\"https:\\\/\\\/lafermedejeanmetge.fr\\\/wp-content\\\/uploads\\\/2023\\\/02\\\/logo-2.png\",\"width\":2400,\"height\":676,\"caption\":\"La Ferme de Jeanmetge\"},\"image\":{\"@id\":\"https:\\\/\\\/lafermedejeanmetge.fr\\\/#\\\/schema\\\/logo\\\/image\\\/\"},\"sameAs\":[\"https:\\\/\\\/www.instagram.com\\\/ferme_de_jeanmetge\\\/\"]}]}<\/script>\n<!-- \/ Yoast SEO plugin. -->","yoast_head_json":{"title":"Baume Belle Mine - Hydratant - Cera Alba","description":"Baume Belle Mine de Cera Alba produit pour Le Ferme de Jeanmetge.","robots":{"index":"index","follow":"follow","max-snippet":"max-snippet:-1","max-image-preview":"max-image-preview:large","max-video-preview":"max-video-preview:-1"},"canonical":"https:\/\/lafermedejeanmetge.fr\/?product=baume-belle-mine","og_locale":"fr_FR","og_type":"article","og_title":"Baume Belle Mine Hydratant","og_description":"Baume Belle Mine Hydratant","og_url":"https:\/\/lafermedejeanmetge.fr\/?product=baume-belle-mine","og_site_name":"La Ferme de Jeanmetge","article_modified_time":"2025-04-16T16:32:36+00:00","og_image":[{"width":1080,"height":1080,"url":"https:\/\/lafermedejeanmetge.fr\/wp-content\/uploads\/2025\/02\/baume-hydratant-cera-alba.png","type":"image\/png"}],"twitter_card":"summary_large_image","twitter_title":"Baume Belle Mine Hydratant","twitter_description":"Baume Belle Mine Hydratant","twitter_image":"https:\/\/lafermedejeanmetge.fr\/wp-content\/uploads\/2025\/02\/baume-hydratant-cera-alba.png","twitter_misc":{"Dur\u00e9e de lecture estim\u00e9e":"1 minute"},"schema":{"@context":"https:\/\/schema.org","@graph":[{"@type":"WebPage","@id":"https:\/\/lafermedejeanmetge.fr\/?product=baume-belle-mine","url":"https:\/\/lafermedejeanmetge.fr\/?product=baume-belle-mine","name":"Baume Belle Mine - Hydratant - Cera Alba","isPartOf":{"@id":"https:\/\/lafermedejeanmetge.fr\/#website"},"primaryImageOfPage":{"@id":"https:\/\/lafermedejeanmetge.fr\/?product=baume-belle-mine#primaryimage"},"image":{"@id":"https:\/\/lafermedejeanmetge.fr\/?product=baume-belle-mine#primaryimage"},"thumbnailUrl":"https:\/\/lafermedejeanmetge.fr\/wp-content\/uploads\/2025\/02\/baume-hydratant-cera-alba.png","datePublished":"2025-02-04T11:20:07+00:00","dateModified":"2025-04-16T16:32:36+00:00","description":"Baume Belle Mine de Cera Alba produit pour Le Ferme de Jeanmetge.","breadcrumb":{"@id":"https:\/\/lafermedejeanmetge.fr\/?product=baume-belle-mine#breadcrumb"},"inLanguage":"fr-FR","potentialAction":[{"@type":"ReadAction","target":["https:\/\/lafermedejeanmetge.fr\/?product=baume-belle-mine"]}]},{"@type":"ImageObject","inLanguage":"fr-FR","@id":"https:\/\/lafermedejeanmetge.fr\/?product=baume-belle-mine#primaryimage","url":"https:\/\/lafermedejeanmetge.fr\/wp-content\/uploads\/2025\/02\/baume-hydratant-cera-alba.png","contentUrl":"https:\/\/lafermedejeanmetge.fr\/wp-content\/uploads\/2025\/02\/baume-hydratant-cera-alba.png","width":1080,"height":1080,"caption":"baume belle mine hydratant cera alba"},{"@type":"BreadcrumbList","@id":"https:\/\/lafermedejeanmetge.fr\/?product=baume-belle-mine#breadcrumb","itemListElement":[{"@type":"ListItem","position":1,"name":"Accueil","item":"https:\/\/lafermedejeanmetge.fr\/"},{"@type":"ListItem","position":2,"name":"Boutique","item":"https:\/\/lafermedejeanmetge.fr\/?page_id=1402"},{"@type":"ListItem","position":3,"name":"Baume Belle Mine"}]},{"@type":"WebSite","@id":"https:\/\/lafermedejeanmetge.fr\/#website","url":"https:\/\/lafermedejeanmetge.fr\/","name":"La Ferme de Jeanmetge","description":"","publisher":{"@id":"https:\/\/lafermedejeanmetge.fr\/#organization"},"potentialAction":[{"@type":"SearchAction","target":{"@type":"EntryPoint","urlTemplate":"https:\/\/lafermedejeanmetge.fr\/?s={search_term_string}"},"query-input":{"@type":"PropertyValueSpecification","valueRequired":true,"valueName":"search_term_string"}}],"inLanguage":"fr-FR"},{"@type":"Organization","@id":"https:\/\/lafermedejeanmetge.fr\/#organization","name":"La Ferme de Jeanmetge","url":"https:\/\/lafermedejeanmetge.fr\/","logo":{"@type":"ImageObject","inLanguage":"fr-FR","@id":"https:\/\/lafermedejeanmetge.fr\/#\/schema\/logo\/image\/","url":"https:\/\/lafermedejeanmetge.fr\/wp-content\/uploads\/2023\/02\/logo-2.png","contentUrl":"https:\/\/lafermedejeanmetge.fr\/wp-content\/uploads\/2023\/02\/logo-2.png","width":2400,"height":676,"caption":"La Ferme de Jeanmetge"},"image":{"@id":"https:\/\/lafermedejeanmetge.fr\/#\/schema\/logo\/image\/"},"sameAs":["https:\/\/www.instagram.com\/ferme_de_jeanmetge\/"]}]}},"jetpack_sharing_enabled":true,"_links":{"self":[{"href":"https:\/\/lafermedejeanmetge.fr\/index.php?rest_route=\/wp\/v2\/product\/2282","targetHints":{"allow":["GET"]}}],"collection":[{"href":"https:\/\/lafermedejeanmetge.fr\/index.php?rest_route=\/wp\/v2\/product"}],"about":[{"href":"https:\/\/lafermedejeanmetge.fr\/index.php?rest_route=\/wp\/v2\/types\/product"}],"replies":[{"embeddable":true,"href":"https:\/\/lafermedejeanmetge.fr\/index.php?rest_route=%2Fwp%2Fv2%2Fcomments&post=2282"}],"wp:featuredmedia":[{"embeddable":true,"href":"https:\/\/lafermedejeanmetge.fr\/index.php?rest_route=\/wp\/v2\/media\/2287"}],"wp:attachment":[{"href":"https:\/\/lafermedejeanmetge.fr\/index.php?rest_route=%2Fwp%2Fv2%2Fmedia&parent=2282"}],"wp:term":[{"taxonomy":"product_brand","embeddable":true,"href":"https:\/\/lafermedejeanmetge.fr\/index.php?rest_route=%2Fwp%2Fv2%2Fproduct_brand&post=2282"},{"taxonomy":"product_cat","embeddable":true,"href":"https:\/\/lafermedejeanmetge.fr\/index.php?rest_route=%2Fwp%2Fv2%2Fproduct_cat&post=2282"},{"taxonomy":"product_tag","embeddable":true,"href":"https:\/\/lafermedejeanmetge.fr\/index.php?rest_route=%2Fwp%2Fv2%2Fproduct_tag&post=2282"}],"curies":[{"name":"wp","href":"https:\/\/api.w.org\/{rel}","templated":true}]}}