{"id":2341,"date":"2025-02-04T17:56:50","date_gmt":"2025-02-04T16:56:50","guid":{"rendered":"https:\/\/lafermedejeanmetge.fr\/?post_type=product&#038;p=2341"},"modified":"2025-04-16T18:29:57","modified_gmt":"2025-04-16T16:29:57","slug":"mousticoust-cera-alba","status":"publish","type":"product","link":"https:\/\/lafermedejeanmetge.fr\/?product=mousticoust-cera-alba","title":{"rendered":"Moustic&rsquo;oust Cera Alba"},"content":{"rendered":"<p>\u00ab\u00a0Moustic&rsquo;oust\u00a0\u00bb est un m\u00e9lange d&rsquo;hydrolats distill\u00e9s sur la ferme de plantes reconnues comme r\u00e9pulsives \u00e0 moustiques, verveine citronn\u00e9e, basilic grand vert. Il est riche notamment en g\u00e9ranium rosat plante d\u00e9test\u00e9e par les moustiques tigres<\/p>\n<p>A pulv\u00e9riser g\u00e9n\u00e9reusement directement sur la peau et sur les v\u00eatements, et \u00e0 renouveler r\u00e9guli\u00e8rement si votre soir\u00e9e se prolonge en ext\u00e9rieur!<\/p>\n","protected":false},"excerpt":{"rendered":"<p>Le spray naturel contre ces vilains moustiques!<\/p>\n","protected":false},"featured_media":2343,"comment_status":"open","ping_status":"closed","template":"","meta":{"site-sidebar-layout":"default","site-content-layout":"default","ast-global-header-display":"","ast-main-header-display":"","ast-hfb-above-header-display":"","ast-hfb-below-header-display":"","ast-hfb-mobile-header-display":"","site-post-title":"","ast-breadcrumbs-content":"","ast-featured-img":"","footer-sml-layout":"","theme-transparent-header-meta":"default","adv-header-id-meta":"","stick-header-meta":"","header-above-stick-meta":"","header-main-stick-meta":"","header-below-stick-meta":""},"product_brand":[46,47],"product_cat":[34,72],"product_tag":[],"class_list":{"0":"post-2341","1":"product","2":"type-product","3":"status-publish","4":"has-post-thumbnail","6":"product_brand-cera-alba","7":"product_brand-ferme-jeanmetge","8":"product_cat-cosmetiques","9":"product_cat-potions-magiques-cosmetiques","10":"desktop-align-center","11":"tablet-align-left","12":"mobile-align-left","14":"first","15":"instock","16":"taxable","17":"shipping-taxable","18":"purchasable","19":"product-type-simple"},"yoast_head":"<!-- This site is optimized with the Yoast SEO plugin v27.5 - https:\/\/yoast.com\/product\/yoast-seo-wordpress\/ -->\n<title>Moustic&#039;oust Cera Alba - Cera Alba - La Ferme de Jeanmetge<\/title>\n<meta name=\"description\" content=\"Moustic&#039;oust Cera Alba\" \/>\n<meta name=\"robots\" content=\"index, follow, max-snippet:-1, max-image-preview:large, max-video-preview:-1\" \/>\n<link rel=\"canonical\" href=\"https:\/\/lafermedejeanmetge.fr\/?product=mousticoust-cera-alba\" \/>\n<meta property=\"og:locale\" content=\"fr_FR\" \/>\n<meta property=\"og:type\" content=\"article\" \/>\n<meta property=\"og:title\" content=\"Le Sent-Bon\" \/>\n<meta property=\"og:description\" content=\"Le Sent-Bon\" \/>\n<meta property=\"og:url\" content=\"https:\/\/lafermedejeanmetge.fr\/?product=mousticoust-cera-alba\" \/>\n<meta property=\"og:site_name\" content=\"La Ferme de Jeanmetge\" \/>\n<meta property=\"article:modified_time\" content=\"2025-04-16T16:29:57+00:00\" \/>\n<meta property=\"og:image\" content=\"https:\/\/lafermedejeanmetge.fr\/wp-content\/uploads\/2025\/02\/Baume-a-levres-Lapidou.png\" \/>\n\t<meta property=\"og:image:width\" content=\"1080\" \/>\n\t<meta property=\"og:image:height\" content=\"1080\" \/>\n\t<meta property=\"og:image:type\" content=\"image\/png\" \/>\n<meta name=\"twitter:card\" content=\"summary_large_image\" \/>\n<meta name=\"twitter:title\" content=\"Le Sent-Bon\" \/>\n<meta name=\"twitter:description\" content=\"Le Sent-Bon\" \/>\n<meta name=\"twitter:image\" content=\"https:\/\/lafermedejeanmetge.fr\/wp-content\/uploads\/2025\/02\/Le-Sent-Bon-Relax.png\" \/>\n<meta name=\"twitter:label1\" content=\"Dur\u00e9e de lecture estim\u00e9e\" \/>\n\t<meta name=\"twitter:data1\" content=\"1 minute\" \/>\n<script type=\"application\/ld+json\" class=\"yoast-schema-graph\">{\"@context\":\"https:\\\/\\\/schema.org\",\"@graph\":[{\"@type\":\"WebPage\",\"@id\":\"https:\\\/\\\/lafermedejeanmetge.fr\\\/?product=mousticoust-cera-alba\",\"url\":\"https:\\\/\\\/lafermedejeanmetge.fr\\\/?product=mousticoust-cera-alba\",\"name\":\"Moustic'oust Cera Alba - Cera Alba - La Ferme de Jeanmetge\",\"isPartOf\":{\"@id\":\"https:\\\/\\\/lafermedejeanmetge.fr\\\/#website\"},\"primaryImageOfPage\":{\"@id\":\"https:\\\/\\\/lafermedejeanmetge.fr\\\/?product=mousticoust-cera-alba#primaryimage\"},\"image\":{\"@id\":\"https:\\\/\\\/lafermedejeanmetge.fr\\\/?product=mousticoust-cera-alba#primaryimage\"},\"thumbnailUrl\":\"https:\\\/\\\/lafermedejeanmetge.fr\\\/wp-content\\\/uploads\\\/2025\\\/02\\\/Mousticoust.png\",\"datePublished\":\"2025-02-04T16:56:50+00:00\",\"dateModified\":\"2025-04-16T16:29:57+00:00\",\"description\":\"Moustic'oust Cera Alba\",\"breadcrumb\":{\"@id\":\"https:\\\/\\\/lafermedejeanmetge.fr\\\/?product=mousticoust-cera-alba#breadcrumb\"},\"inLanguage\":\"fr-FR\",\"potentialAction\":[{\"@type\":\"ReadAction\",\"target\":[\"https:\\\/\\\/lafermedejeanmetge.fr\\\/?product=mousticoust-cera-alba\"]}]},{\"@type\":\"ImageObject\",\"inLanguage\":\"fr-FR\",\"@id\":\"https:\\\/\\\/lafermedejeanmetge.fr\\\/?product=mousticoust-cera-alba#primaryimage\",\"url\":\"https:\\\/\\\/lafermedejeanmetge.fr\\\/wp-content\\\/uploads\\\/2025\\\/02\\\/Mousticoust.png\",\"contentUrl\":\"https:\\\/\\\/lafermedejeanmetge.fr\\\/wp-content\\\/uploads\\\/2025\\\/02\\\/Mousticoust.png\",\"width\":713,\"height\":1080},{\"@type\":\"BreadcrumbList\",\"@id\":\"https:\\\/\\\/lafermedejeanmetge.fr\\\/?product=mousticoust-cera-alba#breadcrumb\",\"itemListElement\":[{\"@type\":\"ListItem\",\"position\":1,\"name\":\"Accueil\",\"item\":\"https:\\\/\\\/lafermedejeanmetge.fr\\\/\"},{\"@type\":\"ListItem\",\"position\":2,\"name\":\"Boutique\",\"item\":\"https:\\\/\\\/lafermedejeanmetge.fr\\\/?page_id=1402\"},{\"@type\":\"ListItem\",\"position\":3,\"name\":\"Moustic&#8217;oust Cera Alba\"}]},{\"@type\":\"WebSite\",\"@id\":\"https:\\\/\\\/lafermedejeanmetge.fr\\\/#website\",\"url\":\"https:\\\/\\\/lafermedejeanmetge.fr\\\/\",\"name\":\"La Ferme de Jeanmetge\",\"description\":\"\",\"publisher\":{\"@id\":\"https:\\\/\\\/lafermedejeanmetge.fr\\\/#organization\"},\"potentialAction\":[{\"@type\":\"SearchAction\",\"target\":{\"@type\":\"EntryPoint\",\"urlTemplate\":\"https:\\\/\\\/lafermedejeanmetge.fr\\\/?s={search_term_string}\"},\"query-input\":{\"@type\":\"PropertyValueSpecification\",\"valueRequired\":true,\"valueName\":\"search_term_string\"}}],\"inLanguage\":\"fr-FR\"},{\"@type\":\"Organization\",\"@id\":\"https:\\\/\\\/lafermedejeanmetge.fr\\\/#organization\",\"name\":\"La Ferme de Jeanmetge\",\"url\":\"https:\\\/\\\/lafermedejeanmetge.fr\\\/\",\"logo\":{\"@type\":\"ImageObject\",\"inLanguage\":\"fr-FR\",\"@id\":\"https:\\\/\\\/lafermedejeanmetge.fr\\\/#\\\/schema\\\/logo\\\/image\\\/\",\"url\":\"https:\\\/\\\/lafermedejeanmetge.fr\\\/wp-content\\\/uploads\\\/2023\\\/02\\\/logo-2.png\",\"contentUrl\":\"https:\\\/\\\/lafermedejeanmetge.fr\\\/wp-content\\\/uploads\\\/2023\\\/02\\\/logo-2.png\",\"width\":2400,\"height\":676,\"caption\":\"La Ferme de Jeanmetge\"},\"image\":{\"@id\":\"https:\\\/\\\/lafermedejeanmetge.fr\\\/#\\\/schema\\\/logo\\\/image\\\/\"},\"sameAs\":[\"https:\\\/\\\/www.instagram.com\\\/ferme_de_jeanmetge\\\/\"]}]}<\/script>\n<!-- \/ Yoast SEO plugin. -->","yoast_head_json":{"title":"Moustic'oust Cera Alba - Cera Alba - La Ferme de Jeanmetge","description":"Moustic'oust Cera Alba","robots":{"index":"index","follow":"follow","max-snippet":"max-snippet:-1","max-image-preview":"max-image-preview:large","max-video-preview":"max-video-preview:-1"},"canonical":"https:\/\/lafermedejeanmetge.fr\/?product=mousticoust-cera-alba","og_locale":"fr_FR","og_type":"article","og_title":"Le Sent-Bon","og_description":"Le Sent-Bon","og_url":"https:\/\/lafermedejeanmetge.fr\/?product=mousticoust-cera-alba","og_site_name":"La Ferme de Jeanmetge","article_modified_time":"2025-04-16T16:29:57+00:00","og_image":[{"width":1080,"height":1080,"url":"https:\/\/lafermedejeanmetge.fr\/wp-content\/uploads\/2025\/02\/Baume-a-levres-Lapidou.png","type":"image\/png"}],"twitter_card":"summary_large_image","twitter_title":"Le Sent-Bon","twitter_description":"Le Sent-Bon","twitter_image":"https:\/\/lafermedejeanmetge.fr\/wp-content\/uploads\/2025\/02\/Le-Sent-Bon-Relax.png","twitter_misc":{"Dur\u00e9e de lecture estim\u00e9e":"1 minute"},"schema":{"@context":"https:\/\/schema.org","@graph":[{"@type":"WebPage","@id":"https:\/\/lafermedejeanmetge.fr\/?product=mousticoust-cera-alba","url":"https:\/\/lafermedejeanmetge.fr\/?product=mousticoust-cera-alba","name":"Moustic'oust Cera Alba - Cera Alba - La Ferme de Jeanmetge","isPartOf":{"@id":"https:\/\/lafermedejeanmetge.fr\/#website"},"primaryImageOfPage":{"@id":"https:\/\/lafermedejeanmetge.fr\/?product=mousticoust-cera-alba#primaryimage"},"image":{"@id":"https:\/\/lafermedejeanmetge.fr\/?product=mousticoust-cera-alba#primaryimage"},"thumbnailUrl":"https:\/\/lafermedejeanmetge.fr\/wp-content\/uploads\/2025\/02\/Mousticoust.png","datePublished":"2025-02-04T16:56:50+00:00","dateModified":"2025-04-16T16:29:57+00:00","description":"Moustic'oust Cera Alba","breadcrumb":{"@id":"https:\/\/lafermedejeanmetge.fr\/?product=mousticoust-cera-alba#breadcrumb"},"inLanguage":"fr-FR","potentialAction":[{"@type":"ReadAction","target":["https:\/\/lafermedejeanmetge.fr\/?product=mousticoust-cera-alba"]}]},{"@type":"ImageObject","inLanguage":"fr-FR","@id":"https:\/\/lafermedejeanmetge.fr\/?product=mousticoust-cera-alba#primaryimage","url":"https:\/\/lafermedejeanmetge.fr\/wp-content\/uploads\/2025\/02\/Mousticoust.png","contentUrl":"https:\/\/lafermedejeanmetge.fr\/wp-content\/uploads\/2025\/02\/Mousticoust.png","width":713,"height":1080},{"@type":"BreadcrumbList","@id":"https:\/\/lafermedejeanmetge.fr\/?product=mousticoust-cera-alba#breadcrumb","itemListElement":[{"@type":"ListItem","position":1,"name":"Accueil","item":"https:\/\/lafermedejeanmetge.fr\/"},{"@type":"ListItem","position":2,"name":"Boutique","item":"https:\/\/lafermedejeanmetge.fr\/?page_id=1402"},{"@type":"ListItem","position":3,"name":"Moustic&#8217;oust Cera Alba"}]},{"@type":"WebSite","@id":"https:\/\/lafermedejeanmetge.fr\/#website","url":"https:\/\/lafermedejeanmetge.fr\/","name":"La Ferme de Jeanmetge","description":"","publisher":{"@id":"https:\/\/lafermedejeanmetge.fr\/#organization"},"potentialAction":[{"@type":"SearchAction","target":{"@type":"EntryPoint","urlTemplate":"https:\/\/lafermedejeanmetge.fr\/?s={search_term_string}"},"query-input":{"@type":"PropertyValueSpecification","valueRequired":true,"valueName":"search_term_string"}}],"inLanguage":"fr-FR"},{"@type":"Organization","@id":"https:\/\/lafermedejeanmetge.fr\/#organization","name":"La Ferme de Jeanmetge","url":"https:\/\/lafermedejeanmetge.fr\/","logo":{"@type":"ImageObject","inLanguage":"fr-FR","@id":"https:\/\/lafermedejeanmetge.fr\/#\/schema\/logo\/image\/","url":"https:\/\/lafermedejeanmetge.fr\/wp-content\/uploads\/2023\/02\/logo-2.png","contentUrl":"https:\/\/lafermedejeanmetge.fr\/wp-content\/uploads\/2023\/02\/logo-2.png","width":2400,"height":676,"caption":"La Ferme de Jeanmetge"},"image":{"@id":"https:\/\/lafermedejeanmetge.fr\/#\/schema\/logo\/image\/"},"sameAs":["https:\/\/www.instagram.com\/ferme_de_jeanmetge\/"]}]}},"jetpack_sharing_enabled":true,"_links":{"self":[{"href":"https:\/\/lafermedejeanmetge.fr\/index.php?rest_route=\/wp\/v2\/product\/2341","targetHints":{"allow":["GET"]}}],"collection":[{"href":"https:\/\/lafermedejeanmetge.fr\/index.php?rest_route=\/wp\/v2\/product"}],"about":[{"href":"https:\/\/lafermedejeanmetge.fr\/index.php?rest_route=\/wp\/v2\/types\/product"}],"replies":[{"embeddable":true,"href":"https:\/\/lafermedejeanmetge.fr\/index.php?rest_route=%2Fwp%2Fv2%2Fcomments&post=2341"}],"wp:featuredmedia":[{"embeddable":true,"href":"https:\/\/lafermedejeanmetge.fr\/index.php?rest_route=\/wp\/v2\/media\/2343"}],"wp:attachment":[{"href":"https:\/\/lafermedejeanmetge.fr\/index.php?rest_route=%2Fwp%2Fv2%2Fmedia&parent=2341"}],"wp:term":[{"taxonomy":"product_brand","embeddable":true,"href":"https:\/\/lafermedejeanmetge.fr\/index.php?rest_route=%2Fwp%2Fv2%2Fproduct_brand&post=2341"},{"taxonomy":"product_cat","embeddable":true,"href":"https:\/\/lafermedejeanmetge.fr\/index.php?rest_route=%2Fwp%2Fv2%2Fproduct_cat&post=2341"},{"taxonomy":"product_tag","embeddable":true,"href":"https:\/\/lafermedejeanmetge.fr\/index.php?rest_route=%2Fwp%2Fv2%2Fproduct_tag&post=2341"}],"curies":[{"name":"wp","href":"https:\/\/api.w.org\/{rel}","templated":true}]}}