{"id":2361,"date":"2025-02-04T18:05:45","date_gmt":"2025-02-04T17:05:45","guid":{"rendered":"https:\/\/lafermedejeanmetge.fr\/?post_type=product&#038;p=2361"},"modified":"2026-05-04T11:14:31","modified_gmt":"2026-05-04T09:14:31","slug":"tonique-visage-bio-belle-mine","status":"publish","type":"product","link":"https:\/\/lafermedejeanmetge.fr\/?product=tonique-visage-bio-belle-mine","title":{"rendered":"Avoir une belle mine"},"content":{"rendered":"<p class=\"p1\"><b>M\u00e9lange d\u2019hydrolats bio fabriqu\u00e9s sur la Ferme de Jeanmetge :<\/b><b><\/b><\/p>\n<p class=\"p2\">\u2013 G\u00e9ranium rosat (tonique et astringent)<\/p>\n<p class=\"p2\">\u2013 Rose de Damas (hydratante et \u00e9quilibrante)<\/p>\n<p class=\"p2\">\u2013 H\u00e9lichryse (anti-rougeurs et cicatrisante)<\/p>\n<p class=\"p2\">Ce spray visage est \u00e0 vaporiser apr\u00e8s le nettoyage quotidien. Il apaise les rougeurs, soulage les tiraillements et redonne douceur et \u00e9clat \u00e0 votre peau.<\/p>\n<p class=\"p2\">\u2728 Id\u00e9al en association avec le baume <a href=\"https:\/\/lafermedejeanmetge.fr\/?product=baume-belle-mine\">\u201cBelle mine\u201d.<\/a><\/p>\n","protected":false},"excerpt":{"rendered":"<p class=\"p1\"><b>Tonique visage bio. Calme les rougeurs, apaise les irritations et redonne de l\u2019\u00e9clat.<\/b><b><\/b><\/p>\n","protected":false},"featured_media":2440,"comment_status":"open","ping_status":"closed","template":"","meta":{"site-sidebar-layout":"default","site-content-layout":"default","ast-global-header-display":"","ast-main-header-display":"","ast-hfb-above-header-display":"","ast-hfb-below-header-display":"","ast-hfb-mobile-header-display":"","site-post-title":"","ast-breadcrumbs-content":"","ast-featured-img":"","footer-sml-layout":"","theme-transparent-header-meta":"default","adv-header-id-meta":"","stick-header-meta":"","header-above-stick-meta":"","header-main-stick-meta":"","header-below-stick-meta":""},"product_brand":[46,47],"product_cat":[34,73,72],"product_tag":[86,80,76,79,78,84,82,81,77,83,75,85],"class_list":{"0":"post-2361","1":"product","2":"type-product","3":"status-publish","4":"has-post-thumbnail","6":"product_brand-cera-alba","7":"product_brand-ferme-jeanmetge","8":"product_cat-cosmetiques","9":"product_cat-en-vaporisation","10":"product_cat-potions-magiques-cosmetiques","11":"product_tag-apaise-les-irritations-et-redonne-de-leclat","12":"product_tag-apaiser-peau-sensible","13":"product_tag-belle-mine-naturelle","14":"product_tag-cosmetique-bio-lot-et-garonne","15":"product_tag-hydrolat-artisanal","16":"product_tag-irritation-peau-solution-naturelle","17":"product_tag-la-ferme-de-jeanmetge","18":"product_tag-produit-local-bio","19":"product_tag-rougeurs-peau","20":"product_tag-spray-hydrolat-visage","21":"product_tag-tonique-visage-bio","22":"product_tag-tonique-visage-bio-calme-les-rougeurs","23":"desktop-align-center","24":"tablet-align-left","25":"mobile-align-left","27":"first","28":"instock","29":"taxable","30":"shipping-taxable","31":"purchasable","32":"product-type-simple"},"yoast_head":"<!-- This site is optimized with the Yoast SEO plugin v27.5 - https:\/\/yoast.com\/product\/yoast-seo-wordpress\/ -->\n<title>Tonique visage bio \u2013 Belle mine, rougeurs et irritations apais\u00e9es<\/title>\n<meta name=\"description\" content=\"Tonique pour visage aux hydrolats bio de cera Alba. Apaise rougeurs et tiraillements, redonne douceur et \u00e9clat \u00e0 la peau. Id\u00e9al pour les peaux sensibles.\" \/>\n<meta name=\"robots\" content=\"index, follow, max-snippet:-1, max-image-preview:large, max-video-preview:-1\" \/>\n<link rel=\"canonical\" href=\"https:\/\/lafermedejeanmetge.fr\/?product=tonique-visage-bio-belle-mine\" \/>\n<meta property=\"og:locale\" content=\"fr_FR\" \/>\n<meta property=\"og:type\" content=\"article\" \/>\n<meta property=\"og:title\" content=\"Le Sent-Bon\" \/>\n<meta property=\"og:description\" content=\"Le Sent-Bon\" \/>\n<meta property=\"og:url\" content=\"https:\/\/lafermedejeanmetge.fr\/?product=tonique-visage-bio-belle-mine\" \/>\n<meta property=\"og:site_name\" content=\"La Ferme de Jeanmetge\" \/>\n<meta property=\"article:modified_time\" content=\"2026-05-04T09:14:31+00:00\" \/>\n<meta property=\"og:image\" content=\"https:\/\/lafermedejeanmetge.fr\/wp-content\/uploads\/2025\/02\/Baume-a-levres-Lapidou.png\" \/>\n\t<meta property=\"og:image:width\" content=\"1080\" \/>\n\t<meta property=\"og:image:height\" content=\"1080\" \/>\n\t<meta property=\"og:image:type\" content=\"image\/png\" \/>\n<meta name=\"twitter:card\" content=\"summary_large_image\" \/>\n<meta name=\"twitter:title\" content=\"Le Sent-Bon\" \/>\n<meta name=\"twitter:description\" content=\"Le Sent-Bon\" \/>\n<meta name=\"twitter:image\" content=\"https:\/\/lafermedejeanmetge.fr\/wp-content\/uploads\/2025\/02\/Le-Sent-Bon-Relax.png\" \/>\n<meta name=\"twitter:label1\" content=\"Dur\u00e9e de lecture estim\u00e9e\" \/>\n\t<meta name=\"twitter:data1\" content=\"1 minute\" \/>\n<script type=\"application\/ld+json\" class=\"yoast-schema-graph\">{\"@context\":\"https:\\\/\\\/schema.org\",\"@graph\":[{\"@type\":\"WebPage\",\"@id\":\"https:\\\/\\\/lafermedejeanmetge.fr\\\/?product=tonique-visage-bio-belle-mine\",\"url\":\"https:\\\/\\\/lafermedejeanmetge.fr\\\/?product=tonique-visage-bio-belle-mine\",\"name\":\"Tonique visage bio \u2013 Belle mine, rougeurs et irritations apais\u00e9es\",\"isPartOf\":{\"@id\":\"https:\\\/\\\/lafermedejeanmetge.fr\\\/#website\"},\"primaryImageOfPage\":{\"@id\":\"https:\\\/\\\/lafermedejeanmetge.fr\\\/?product=tonique-visage-bio-belle-mine#primaryimage\"},\"image\":{\"@id\":\"https:\\\/\\\/lafermedejeanmetge.fr\\\/?product=tonique-visage-bio-belle-mine#primaryimage\"},\"thumbnailUrl\":\"https:\\\/\\\/lafermedejeanmetge.fr\\\/wp-content\\\/uploads\\\/2025\\\/02\\\/avoir-une-belle-mine-cera-alba-ferme-jeanmetge-scaled.webp\",\"datePublished\":\"2025-02-04T17:05:45+00:00\",\"dateModified\":\"2026-05-04T09:14:31+00:00\",\"description\":\"Tonique pour visage aux hydrolats bio de cera Alba. Apaise rougeurs et tiraillements, redonne douceur et \u00e9clat \u00e0 la peau. Id\u00e9al pour les peaux sensibles.\",\"breadcrumb\":{\"@id\":\"https:\\\/\\\/lafermedejeanmetge.fr\\\/?product=tonique-visage-bio-belle-mine#breadcrumb\"},\"inLanguage\":\"fr-FR\",\"potentialAction\":[{\"@type\":\"ReadAction\",\"target\":[\"https:\\\/\\\/lafermedejeanmetge.fr\\\/?product=tonique-visage-bio-belle-mine\"]}]},{\"@type\":\"ImageObject\",\"inLanguage\":\"fr-FR\",\"@id\":\"https:\\\/\\\/lafermedejeanmetge.fr\\\/?product=tonique-visage-bio-belle-mine#primaryimage\",\"url\":\"https:\\\/\\\/lafermedejeanmetge.fr\\\/wp-content\\\/uploads\\\/2025\\\/02\\\/avoir-une-belle-mine-cera-alba-ferme-jeanmetge-scaled.webp\",\"contentUrl\":\"https:\\\/\\\/lafermedejeanmetge.fr\\\/wp-content\\\/uploads\\\/2025\\\/02\\\/avoir-une-belle-mine-cera-alba-ferme-jeanmetge-scaled.webp\",\"width\":2560,\"height\":1707,\"caption\":\"Produit pour rougeurs et irritations \\\"Avoir une belle mine\\\" de Cera Alba - Ferme de Jeanmetge - Lo-et-Garonne\"},{\"@type\":\"BreadcrumbList\",\"@id\":\"https:\\\/\\\/lafermedejeanmetge.fr\\\/?product=tonique-visage-bio-belle-mine#breadcrumb\",\"itemListElement\":[{\"@type\":\"ListItem\",\"position\":1,\"name\":\"Accueil\",\"item\":\"https:\\\/\\\/lafermedejeanmetge.fr\\\/\"},{\"@type\":\"ListItem\",\"position\":2,\"name\":\"Boutique\",\"item\":\"https:\\\/\\\/lafermedejeanmetge.fr\\\/?page_id=1402\"},{\"@type\":\"ListItem\",\"position\":3,\"name\":\"Avoir une belle mine\"}]},{\"@type\":\"WebSite\",\"@id\":\"https:\\\/\\\/lafermedejeanmetge.fr\\\/#website\",\"url\":\"https:\\\/\\\/lafermedejeanmetge.fr\\\/\",\"name\":\"La Ferme de Jeanmetge\",\"description\":\"\",\"publisher\":{\"@id\":\"https:\\\/\\\/lafermedejeanmetge.fr\\\/#organization\"},\"potentialAction\":[{\"@type\":\"SearchAction\",\"target\":{\"@type\":\"EntryPoint\",\"urlTemplate\":\"https:\\\/\\\/lafermedejeanmetge.fr\\\/?s={search_term_string}\"},\"query-input\":{\"@type\":\"PropertyValueSpecification\",\"valueRequired\":true,\"valueName\":\"search_term_string\"}}],\"inLanguage\":\"fr-FR\"},{\"@type\":\"Organization\",\"@id\":\"https:\\\/\\\/lafermedejeanmetge.fr\\\/#organization\",\"name\":\"La Ferme de Jeanmetge\",\"url\":\"https:\\\/\\\/lafermedejeanmetge.fr\\\/\",\"logo\":{\"@type\":\"ImageObject\",\"inLanguage\":\"fr-FR\",\"@id\":\"https:\\\/\\\/lafermedejeanmetge.fr\\\/#\\\/schema\\\/logo\\\/image\\\/\",\"url\":\"https:\\\/\\\/lafermedejeanmetge.fr\\\/wp-content\\\/uploads\\\/2023\\\/02\\\/logo-2.png\",\"contentUrl\":\"https:\\\/\\\/lafermedejeanmetge.fr\\\/wp-content\\\/uploads\\\/2023\\\/02\\\/logo-2.png\",\"width\":2400,\"height\":676,\"caption\":\"La Ferme de Jeanmetge\"},\"image\":{\"@id\":\"https:\\\/\\\/lafermedejeanmetge.fr\\\/#\\\/schema\\\/logo\\\/image\\\/\"},\"sameAs\":[\"https:\\\/\\\/www.instagram.com\\\/ferme_de_jeanmetge\\\/\"]}]}<\/script>\n<!-- \/ Yoast SEO plugin. -->","yoast_head_json":{"title":"Tonique visage bio \u2013 Belle mine, rougeurs et irritations apais\u00e9es","description":"Tonique pour visage aux hydrolats bio de cera Alba. Apaise rougeurs et tiraillements, redonne douceur et \u00e9clat \u00e0 la peau. Id\u00e9al pour les peaux sensibles.","robots":{"index":"index","follow":"follow","max-snippet":"max-snippet:-1","max-image-preview":"max-image-preview:large","max-video-preview":"max-video-preview:-1"},"canonical":"https:\/\/lafermedejeanmetge.fr\/?product=tonique-visage-bio-belle-mine","og_locale":"fr_FR","og_type":"article","og_title":"Le Sent-Bon","og_description":"Le Sent-Bon","og_url":"https:\/\/lafermedejeanmetge.fr\/?product=tonique-visage-bio-belle-mine","og_site_name":"La Ferme de Jeanmetge","article_modified_time":"2026-05-04T09:14:31+00:00","og_image":[{"width":1080,"height":1080,"url":"https:\/\/lafermedejeanmetge.fr\/wp-content\/uploads\/2025\/02\/Baume-a-levres-Lapidou.png","type":"image\/png"}],"twitter_card":"summary_large_image","twitter_title":"Le Sent-Bon","twitter_description":"Le Sent-Bon","twitter_image":"https:\/\/lafermedejeanmetge.fr\/wp-content\/uploads\/2025\/02\/Le-Sent-Bon-Relax.png","twitter_misc":{"Dur\u00e9e de lecture estim\u00e9e":"1 minute"},"schema":{"@context":"https:\/\/schema.org","@graph":[{"@type":"WebPage","@id":"https:\/\/lafermedejeanmetge.fr\/?product=tonique-visage-bio-belle-mine","url":"https:\/\/lafermedejeanmetge.fr\/?product=tonique-visage-bio-belle-mine","name":"Tonique visage bio \u2013 Belle mine, rougeurs et irritations apais\u00e9es","isPartOf":{"@id":"https:\/\/lafermedejeanmetge.fr\/#website"},"primaryImageOfPage":{"@id":"https:\/\/lafermedejeanmetge.fr\/?product=tonique-visage-bio-belle-mine#primaryimage"},"image":{"@id":"https:\/\/lafermedejeanmetge.fr\/?product=tonique-visage-bio-belle-mine#primaryimage"},"thumbnailUrl":"https:\/\/lafermedejeanmetge.fr\/wp-content\/uploads\/2025\/02\/avoir-une-belle-mine-cera-alba-ferme-jeanmetge-scaled.webp","datePublished":"2025-02-04T17:05:45+00:00","dateModified":"2026-05-04T09:14:31+00:00","description":"Tonique pour visage aux hydrolats bio de cera Alba. Apaise rougeurs et tiraillements, redonne douceur et \u00e9clat \u00e0 la peau. Id\u00e9al pour les peaux sensibles.","breadcrumb":{"@id":"https:\/\/lafermedejeanmetge.fr\/?product=tonique-visage-bio-belle-mine#breadcrumb"},"inLanguage":"fr-FR","potentialAction":[{"@type":"ReadAction","target":["https:\/\/lafermedejeanmetge.fr\/?product=tonique-visage-bio-belle-mine"]}]},{"@type":"ImageObject","inLanguage":"fr-FR","@id":"https:\/\/lafermedejeanmetge.fr\/?product=tonique-visage-bio-belle-mine#primaryimage","url":"https:\/\/lafermedejeanmetge.fr\/wp-content\/uploads\/2025\/02\/avoir-une-belle-mine-cera-alba-ferme-jeanmetge-scaled.webp","contentUrl":"https:\/\/lafermedejeanmetge.fr\/wp-content\/uploads\/2025\/02\/avoir-une-belle-mine-cera-alba-ferme-jeanmetge-scaled.webp","width":2560,"height":1707,"caption":"Produit pour rougeurs et irritations \"Avoir une belle mine\" de Cera Alba - Ferme de Jeanmetge - Lo-et-Garonne"},{"@type":"BreadcrumbList","@id":"https:\/\/lafermedejeanmetge.fr\/?product=tonique-visage-bio-belle-mine#breadcrumb","itemListElement":[{"@type":"ListItem","position":1,"name":"Accueil","item":"https:\/\/lafermedejeanmetge.fr\/"},{"@type":"ListItem","position":2,"name":"Boutique","item":"https:\/\/lafermedejeanmetge.fr\/?page_id=1402"},{"@type":"ListItem","position":3,"name":"Avoir une belle mine"}]},{"@type":"WebSite","@id":"https:\/\/lafermedejeanmetge.fr\/#website","url":"https:\/\/lafermedejeanmetge.fr\/","name":"La Ferme de Jeanmetge","description":"","publisher":{"@id":"https:\/\/lafermedejeanmetge.fr\/#organization"},"potentialAction":[{"@type":"SearchAction","target":{"@type":"EntryPoint","urlTemplate":"https:\/\/lafermedejeanmetge.fr\/?s={search_term_string}"},"query-input":{"@type":"PropertyValueSpecification","valueRequired":true,"valueName":"search_term_string"}}],"inLanguage":"fr-FR"},{"@type":"Organization","@id":"https:\/\/lafermedejeanmetge.fr\/#organization","name":"La Ferme de Jeanmetge","url":"https:\/\/lafermedejeanmetge.fr\/","logo":{"@type":"ImageObject","inLanguage":"fr-FR","@id":"https:\/\/lafermedejeanmetge.fr\/#\/schema\/logo\/image\/","url":"https:\/\/lafermedejeanmetge.fr\/wp-content\/uploads\/2023\/02\/logo-2.png","contentUrl":"https:\/\/lafermedejeanmetge.fr\/wp-content\/uploads\/2023\/02\/logo-2.png","width":2400,"height":676,"caption":"La Ferme de Jeanmetge"},"image":{"@id":"https:\/\/lafermedejeanmetge.fr\/#\/schema\/logo\/image\/"},"sameAs":["https:\/\/www.instagram.com\/ferme_de_jeanmetge\/"]}]}},"jetpack_sharing_enabled":true,"_links":{"self":[{"href":"https:\/\/lafermedejeanmetge.fr\/index.php?rest_route=\/wp\/v2\/product\/2361","targetHints":{"allow":["GET"]}}],"collection":[{"href":"https:\/\/lafermedejeanmetge.fr\/index.php?rest_route=\/wp\/v2\/product"}],"about":[{"href":"https:\/\/lafermedejeanmetge.fr\/index.php?rest_route=\/wp\/v2\/types\/product"}],"replies":[{"embeddable":true,"href":"https:\/\/lafermedejeanmetge.fr\/index.php?rest_route=%2Fwp%2Fv2%2Fcomments&post=2361"}],"wp:featuredmedia":[{"embeddable":true,"href":"https:\/\/lafermedejeanmetge.fr\/index.php?rest_route=\/wp\/v2\/media\/2440"}],"wp:attachment":[{"href":"https:\/\/lafermedejeanmetge.fr\/index.php?rest_route=%2Fwp%2Fv2%2Fmedia&parent=2361"}],"wp:term":[{"taxonomy":"product_brand","embeddable":true,"href":"https:\/\/lafermedejeanmetge.fr\/index.php?rest_route=%2Fwp%2Fv2%2Fproduct_brand&post=2361"},{"taxonomy":"product_cat","embeddable":true,"href":"https:\/\/lafermedejeanmetge.fr\/index.php?rest_route=%2Fwp%2Fv2%2Fproduct_cat&post=2361"},{"taxonomy":"product_tag","embeddable":true,"href":"https:\/\/lafermedejeanmetge.fr\/index.php?rest_route=%2Fwp%2Fv2%2Fproduct_tag&post=2361"}],"curies":[{"name":"wp","href":"https:\/\/api.w.org\/{rel}","templated":true}]}}